{"id":839,"date":"2024-04-24T11:45:56","date_gmt":"2024-04-24T14:45:56","guid":{"rendered":"https:\/\/bioinsumoslivingsoil.com\/?post_type=product&#038;p=839"},"modified":"2025-03-04T16:20:23","modified_gmt":"2025-03-04T19:20:23","slug":"bokashi-men","status":"publish","type":"product","link":"https:\/\/bioinsumoslivingsoil.com\/?product=bokashi-men","title":{"rendered":"Biokashi 1lt"},"content":{"rendered":"<div class=\"wp-block-media-text alignwide is-stacked-on-mobile is-vertically-aligned-center\">\n<div class=\"wp-block-media-text__content\">\n<div class=\"wp-block-media-text alignwide is-stacked-on-mobile\">\n<div class=\"wp-block-media-text__content\">\n<p class=\"has-text-align-left\">-Producto 100% Org\u00e1nico: Base de Trigo agroecol\u00f3gico enriquecido con nuestro Bokashi, enmendado con Harinas de Roca e Inoculado con Microorganismos Eficientes Nativos (M.E.N.).<br \/>\n-Aporta principalmente Microorganismos ben\u00e9ficos y minerales naturales (Microelementos).<\/p>\n<p class=\"has-text-align-left\">-Contiene un consorcio completo de microorganismos que interact\u00faan de manera ben\u00e9fica en tus cultivos. Entre ellos encontramos principalmente Hongos, Bacterias y Levaduras.<br \/>\nLos Hongos en su mayor\u00eda interact\u00faan principalmente con las ra\u00edces produciendo una simbiosis con las mismas para protegerlas y facilitar la asimilaci\u00f3n de nutrientes. Por otro lado los microorganismos descomponedores se encargan de transformar la materia org\u00e1nica (Quelaci\u00f3n), ofreciendo la misma de manera asimilable para las plantas. Logrando as\u00ed un equilibrio en la red tr\u00f3fica del suelo que permite el control diferentes organismos pat\u00f3genos como el hongo Fusarium entre otros.<\/p>\n<\/div>\n<\/div>\n<p class=\"has-text-align-left\">\u2013 Aplicaci\u00f3n: En cultivos se puede mezclar en el sustrato a preparar en una concentraci\u00f3n del 1% a 3% dependiendo de el tipo de sustrato a utilizar y el tipo de cultivo a realizar. Tambi\u00e9n se puede aplicar en la superficie (A la vuelta del tallo principalmente) como Top Dress realizando una fina capa en el suelo\/sustrato cada 15\/20 d\u00edas, posteriormente cubrir con Mulch.<br \/>\nTambi\u00e9n se puede realizar una activaci\u00f3n liquida ya sea solo o combinado con otras enmiendas como el Bokashi. Agregando una cuchara de Biokashi mas 2 a 4 cc de Sugar Living Soil por cada (1) litro de biopreparado. Con el objetivo de aplicar el producto no solo en la enmienda sino tambi\u00e9n v\u00eda fertirriego y\/o foliar.<br \/>\nEn producci\u00f3n de enmiendas org\u00e1nicas acelera el proceso de descomposici\u00f3n de la materia org\u00e1nica disminuyendo el tiempo de trabajo. Siendo ideal en la producci\u00f3n de Compost, Lombricompost, Bokashi, etc.<br \/>\n\u2013 Mantener la enmienda con humedad, con el envase cerrado y evitar exponer a la luz directa.<br \/>\nwww.bioinsumoslivingsoil.com MfD<br \/>\n1L<\/p>\n<\/div>\n<\/div>\n","protected":false},"excerpt":{"rendered":"<p>-Producto 100% Org\u00e1nico: Base de Trigo agroecol\u00f3gico enriquecido con nuestro Bokashi, enmendado con Harinas de Roca e Inoculado con Microorganismos Eficientes Nativos (M.E.N.).<br \/>\n-Aporta principalmente Microorganismos ben\u00e9ficos y minerales naturales (Microelementos).<\/p>\n","protected":false},"featured_media":1029,"comment_status":"open","ping_status":"closed","template":"","meta":[],"product_cat":[19],"product_tag":[],"_links":{"self":[{"href":"https:\/\/bioinsumoslivingsoil.com\/index.php?rest_route=\/wp\/v2\/product\/839"}],"collection":[{"href":"https:\/\/bioinsumoslivingsoil.com\/index.php?rest_route=\/wp\/v2\/product"}],"about":[{"href":"https:\/\/bioinsumoslivingsoil.com\/index.php?rest_route=\/wp\/v2\/types\/product"}],"replies":[{"embeddable":true,"href":"https:\/\/bioinsumoslivingsoil.com\/index.php?rest_route=%2Fwp%2Fv2%2Fcomments&post=839"}],"wp:featuredmedia":[{"embeddable":true,"href":"https:\/\/bioinsumoslivingsoil.com\/index.php?rest_route=\/wp\/v2\/media\/1029"}],"wp:attachment":[{"href":"https:\/\/bioinsumoslivingsoil.com\/index.php?rest_route=%2Fwp%2Fv2%2Fmedia&parent=839"}],"wp:term":[{"taxonomy":"product_cat","embeddable":true,"href":"https:\/\/bioinsumoslivingsoil.com\/index.php?rest_route=%2Fwp%2Fv2%2Fproduct_cat&post=839"},{"taxonomy":"product_tag","embeddable":true,"href":"https:\/\/bioinsumoslivingsoil.com\/index.php?rest_route=%2Fwp%2Fv2%2Fproduct_tag&post=839"}],"curies":[{"name":"wp","href":"https:\/\/api.w.org\/{rel}","templated":true}]}}