{"id":838,"date":"2024-04-24T11:45:06","date_gmt":"2024-04-24T14:45:06","guid":{"rendered":"https:\/\/bioinsumoslivingsoil.com\/?post_type=product&#038;p=838"},"modified":"2026-02-21T13:55:33","modified_gmt":"2026-02-21T16:55:33","slug":"bokashi","status":"publish","type":"product","link":"https:\/\/bioinsumoslivingsoil.com\/?product=bokashi","title":{"rendered":"Bokashi 2lts"},"content":{"rendered":"<div class=\"wp-block-media-text alignwide is-stacked-on-mobile\">\n<div class=\"wp-block-media-text__content\">\n<p>Producto 100% Org\u00e1nico: Fermentaci\u00f3n aer\u00f3bica (Termofila) de cada uno de sus compuestos. Presenta Bovinaza, Equinaza, Caprinaza, Aserr\u00edn, Tierra Virgen, y Harina de Alfalfa.<\/p>\n<p>Aporta Materia Org\u00e1nica, Microorganismos y Minerales (Micronutrientes) directamente asimilables para las plantas.<\/p>\n<p>\u2013 Los animales que aportan la materia org\u00e1nica (Guano) son alimentados a monte en la zona del cuyo, es decir, sin aditivos en la alimentaci\u00f3n. Por su parte el aserr\u00edn es recolectado como \u201cdesperdicio\u201d de otras industrias contaminantes como la tala indiscriminada de arboles del monte nativo. Garantizando de esta forma en nuestro Bokashi un producto de certificaci\u00f3n org\u00e1nica.<\/p>\n<\/div>\n<\/div>\n<p>&nbsp;<\/p>\n<p>\u2013 Bokashi se lleva a cabo a trav\u00e9s de un proceso de compostaje y fermentaci\u00f3n aer\u00f3bica en donde controladamente se eleva la temperatura de la pila de bioinsumos entre los 55\u00b0 a 65\u00b0 grados cent\u00edgrados. Esto es llevado a cabo gracias al trabajo de los microorganismos que permiten al final del proceso eliminar hongos pat\u00f3genos como el Fusarium entre otros.<\/p>\n<p>\u2013 Funciona para recuperar suelos que presentan poca materia org\u00e1nica disponible para ser asimilada. Ideal para recuperar sustratos reutilizados y mejorar estructura de suelos.<\/p>\n<p>\u2013 \u00b7Aplicaci\u00f3n: La activaci\u00f3n liquida se puede comenzar a aplicar a partir de los 10 d\u00edas de nacimiento de la pl\u00e1ntula. En riego se puede aplicar hasta 10 d\u00edas antes de la cosecha y foliar solo hasta prefloraci\u00f3n. Realizando aplicaciones cada 7 a 10 d\u00edas aproximadamente dependiendo del requerimiento nutricional de cada cultivo.<\/p>\n<p>\u2013 Dosis en sustrato: Mezclar de 3% a 5% de Bokashi-MEN en el sustrato a preparar. Tambi\u00e9n se puede aplicar con tecnica Top Dress en la superficie del sustrato\/suelo cada 15 d\u00edas o en cada trasplante. La cantidad depende de la necesidad nutricional del cultivo a realizar.<\/p>\n<p>\u2013 Activaci\u00f3n Liquida: Agregar 3 a 5 gramos por litro de agua (Una cucharada), dejando macerar por 24 hs sin exposici\u00f3n directa de la luz. Se recomienda agregar 2 cc por litro de Sugar Living Soil, y utilizar agua sin cloro. (Agua de lluvia o en su defecto si es del grifo dejar reposar 24 hs antes del preparado para evaporar el Cloro).<\/p>\n<ul>\n<li>Disponible en 2 L<\/li>\n<\/ul>\n<p>Peso: 1000 gr aproximadamente.<\/p>\n","protected":false},"excerpt":{"rendered":"<p>Producto 100% Org\u00e1nico: Fermentaci\u00f3n aer\u00f3bica (Termofila) de cada uno de sus compuestos. Presenta Bovinaza, Equinaza, Caprinaza, Aserr\u00edn, Tierra Virgen, y Harina de Alfalfa.<\/p>\n","protected":false},"featured_media":378,"comment_status":"open","ping_status":"closed","template":"","meta":[],"product_cat":[19],"product_tag":[],"_links":{"self":[{"href":"https:\/\/bioinsumoslivingsoil.com\/index.php?rest_route=\/wp\/v2\/product\/838"}],"collection":[{"href":"https:\/\/bioinsumoslivingsoil.com\/index.php?rest_route=\/wp\/v2\/product"}],"about":[{"href":"https:\/\/bioinsumoslivingsoil.com\/index.php?rest_route=\/wp\/v2\/types\/product"}],"replies":[{"embeddable":true,"href":"https:\/\/bioinsumoslivingsoil.com\/index.php?rest_route=%2Fwp%2Fv2%2Fcomments&post=838"}],"wp:featuredmedia":[{"embeddable":true,"href":"https:\/\/bioinsumoslivingsoil.com\/index.php?rest_route=\/wp\/v2\/media\/378"}],"wp:attachment":[{"href":"https:\/\/bioinsumoslivingsoil.com\/index.php?rest_route=%2Fwp%2Fv2%2Fmedia&parent=838"}],"wp:term":[{"taxonomy":"product_cat","embeddable":true,"href":"https:\/\/bioinsumoslivingsoil.com\/index.php?rest_route=%2Fwp%2Fv2%2Fproduct_cat&post=838"},{"taxonomy":"product_tag","embeddable":true,"href":"https:\/\/bioinsumoslivingsoil.com\/index.php?rest_route=%2Fwp%2Fv2%2Fproduct_tag&post=838"}],"curies":[{"name":"wp","href":"https:\/\/api.w.org\/{rel}","templated":true}]}}