{"id":837,"date":"2024-04-24T11:38:27","date_gmt":"2024-04-24T14:38:27","guid":{"rendered":"https:\/\/bioinsumoslivingsoil.com\/?post_type=product&#038;p=837"},"modified":"2024-06-18T17:29:07","modified_gmt":"2024-06-18T20:29:07","slug":"pest-and-fungs","status":"publish","type":"product","link":"https:\/\/bioinsumoslivingsoil.com\/?product=pest-and-fungs","title":{"rendered":"Pest and Fungs 500cc"},"content":{"rendered":"<div class=\"wp-block-media-text is-stacked-on-mobile\">\n<div class=\"wp-block-media-text__content\">\n<p>Pest and Fungs\u00a0es nuestro producto estrella para combatir todo tipo de plagas y hongos pat\u00f3genos de manera amigable con el medio ambiente.<\/p>\n<p>\u2013 Formula aprobada internacionalmente en producci\u00f3n org\u00e1nica. Contiene Azufre y Diatomeas.<\/p>\n<p>\u2013 Elimina todo tipo de plagas por su acci\u00f3n insecticida\/acaricida, como as\u00ed tambi\u00e9n todo tipo de hongos pat\u00f3genos que puedan afectar el cultivo gracias a su acci\u00f3n antif\u00fangica.<\/p>\n<\/div>\n<\/div>\n<p>&nbsp;<\/p>\n<p>\u2013 Aplicaci\u00f3n:<br \/>\nAplicar v\u00eda foliar\/pulverizaci\u00f3n en el follaje. Se puede comenzar a aplicar a partir de los 20 d\u00edas de nacimiento de la planta\/esqueje , realizando la aplicaci\u00f3n cada 15 a 20 d\u00edas de forma preventiva.<br \/>\nSi una plaga u hongo pat\u00f3geno se instala se puede aplicar cada 5\/7 d\u00edas durante 21 d\u00edas.<\/p>\n<p>Se puede combinar de manera opcional con PestController\u00a0midiendo y controlando la EC deseada.<\/p>\n<p>\u2013 Dosis: 2 a 4 cc\/ml por litro de preparado.<\/p>\n","protected":false},"excerpt":{"rendered":"<p>Pest and Fungs\u00a0es nuestro producto estrella para combatir todo tipo de plagas y hongos pat\u00f3genos de manera amigable con el medio ambiente.<\/p>\n","protected":false},"featured_media":795,"comment_status":"open","ping_status":"closed","template":"","meta":[],"product_cat":[17,18],"product_tag":[],"_links":{"self":[{"href":"https:\/\/bioinsumoslivingsoil.com\/index.php?rest_route=\/wp\/v2\/product\/837"}],"collection":[{"href":"https:\/\/bioinsumoslivingsoil.com\/index.php?rest_route=\/wp\/v2\/product"}],"about":[{"href":"https:\/\/bioinsumoslivingsoil.com\/index.php?rest_route=\/wp\/v2\/types\/product"}],"replies":[{"embeddable":true,"href":"https:\/\/bioinsumoslivingsoil.com\/index.php?rest_route=%2Fwp%2Fv2%2Fcomments&post=837"}],"wp:featuredmedia":[{"embeddable":true,"href":"https:\/\/bioinsumoslivingsoil.com\/index.php?rest_route=\/wp\/v2\/media\/795"}],"wp:attachment":[{"href":"https:\/\/bioinsumoslivingsoil.com\/index.php?rest_route=%2Fwp%2Fv2%2Fmedia&parent=837"}],"wp:term":[{"taxonomy":"product_cat","embeddable":true,"href":"https:\/\/bioinsumoslivingsoil.com\/index.php?rest_route=%2Fwp%2Fv2%2Fproduct_cat&post=837"},{"taxonomy":"product_tag","embeddable":true,"href":"https:\/\/bioinsumoslivingsoil.com\/index.php?rest_route=%2Fwp%2Fv2%2Fproduct_tag&post=837"}],"curies":[{"name":"wp","href":"https:\/\/api.w.org\/{rel}","templated":true}]}}