{"id":836,"date":"2024-04-24T11:37:11","date_gmt":"2024-04-24T14:37:11","guid":{"rendered":"https:\/\/bioinsumoslivingsoil.com\/?post_type=product&#038;p=836"},"modified":"2024-04-28T14:55:26","modified_gmt":"2024-04-28T17:55:26","slug":"living-roots","status":"publish","type":"product","link":"https:\/\/bioinsumoslivingsoil.com\/?product=living-roots","title":{"rendered":"Living Roots"},"content":{"rendered":"<p>LivingRoots es nuestro promotor y estimulante radicular. Dando como resultado grandes ra\u00edces, con muchas ramificaciones y protegida contra pat\u00f3genos gracias a la acci\u00f3n de los 3 Microorganismos presentes en el producto.<\/p>\n<p>\u2013 Producto 100% Org\u00e1nico: Presenta 3 variedades de Microorganismos que trabajan de manera simbiotica entre ellos y las ra\u00edces. Contiene Micorrizas (Endomicorrizas), Azospirillum y Bacillus Subtilis.<\/p>\n<p>\u2013 Aplicaci\u00f3n: Realizar solamente 1 o 2 aplicaciones en cada trasplante via radicular. Se recomienda aplicar solo sin combinar con otros productos y utilizar agua sin cloro con el objetivo de no contaminar ni matar los Microorganismos presentes en la soluci\u00f3n.<\/p>\n<p>\u2013 Dosis: Solo 2 a 4 cc\/ml por litro de biopreparado.<\/p>\n","protected":false},"excerpt":{"rendered":"<p>LivingRoots es nuestro promotor y estimulante radicular. Dando como resultado grandes ra\u00edces, con muchas ramificaciones y protegida contra pat\u00f3genos gracias a la acci\u00f3n de los 3 Microorganismos presentes en el producto.<\/p>\n","protected":false},"featured_media":738,"comment_status":"open","ping_status":"closed","template":"","meta":[],"product_cat":[17,18],"product_tag":[],"_links":{"self":[{"href":"https:\/\/bioinsumoslivingsoil.com\/index.php?rest_route=\/wp\/v2\/product\/836"}],"collection":[{"href":"https:\/\/bioinsumoslivingsoil.com\/index.php?rest_route=\/wp\/v2\/product"}],"about":[{"href":"https:\/\/bioinsumoslivingsoil.com\/index.php?rest_route=\/wp\/v2\/types\/product"}],"replies":[{"embeddable":true,"href":"https:\/\/bioinsumoslivingsoil.com\/index.php?rest_route=%2Fwp%2Fv2%2Fcomments&post=836"}],"wp:featuredmedia":[{"embeddable":true,"href":"https:\/\/bioinsumoslivingsoil.com\/index.php?rest_route=\/wp\/v2\/media\/738"}],"wp:attachment":[{"href":"https:\/\/bioinsumoslivingsoil.com\/index.php?rest_route=%2Fwp%2Fv2%2Fmedia&parent=836"}],"wp:term":[{"taxonomy":"product_cat","embeddable":true,"href":"https:\/\/bioinsumoslivingsoil.com\/index.php?rest_route=%2Fwp%2Fv2%2Fproduct_cat&post=836"},{"taxonomy":"product_tag","embeddable":true,"href":"https:\/\/bioinsumoslivingsoil.com\/index.php?rest_route=%2Fwp%2Fv2%2Fproduct_tag&post=836"}],"curies":[{"name":"wp","href":"https:\/\/api.w.org\/{rel}","templated":true}]}}