{"id":835,"date":"2024-04-24T11:34:53","date_gmt":"2024-04-24T14:34:53","guid":{"rendered":"https:\/\/bioinsumoslivingsoil.com\/?post_type=product&#038;p=835"},"modified":"2025-03-04T16:19:14","modified_gmt":"2025-03-04T19:19:14","slug":"biorepelent","status":"publish","type":"product","link":"https:\/\/bioinsumoslivingsoil.com\/?product=biorepelent","title":{"rendered":"Biorepelent 500ml"},"content":{"rendered":"<div class=\"wp-block-media-text alignwide is-stacked-on-mobile\">\n<div class=\"wp-block-media-text__content\">\n<p>\u2013 Producto 100% Org\u00e1nico: Biorepelente y Biofunguicida elaborado a partir de Biofermento. Compuesto por extractos vegetales libres de qu\u00edmicos e inoculado con diferentes tipos de microorganismos.<\/p>\n<p>Contiene extracto de Ajo (Allium Sativum), Aj\u00ed varios, Para\u00edso (Cinamomo), Cebolla (Allium Cepa), Arom\u00e1ticas Varias (Mentas, Yerba Buena, etc.) y Jengibre. Todo ello luego es inoculado con M.E.N. (Microorganismos Eficientes Nativos) y LAB (Bacterias Acido L\u00e1cticas) para su posterior fermentaci\u00f3n.<\/p>\n<\/div>\n<\/div>\n<p>&nbsp;<\/p>\n<p>\u2013 Biorepelente para todo tipo de plagas que puedan afectar de manera negativa en tus cultivos (Cochinilla, Ara\u00f1a Roja, Trips, Moscas, etc), sin alejar a polinizadores naturales ben\u00e9ficos y controladores biologicos (Abejas , Mariposas, Coccin\u00e9lidos etc). Todo ello de manera ecol\u00f3gica y amigable con el medio ambiente, es un producto \u201cNo Toxico\u201d.<\/p>\n<p>\u2013 Funci\u00f3n biofunguicida en diferentes hongos pat\u00f3genos como el Fusarium, O\u00eddio , etc.<\/p>\n<p>\u2013 Aporte extra de probi\u00f3ticos naturales ben\u00e9ficos (Microorganismos), Vitaminas y Nutrientes en menor medida.<\/p>\n<ul>\n<li><strong>Aplicaci\u00f3n<\/strong><strong>:<\/strong><\/li>\n<\/ul>\n<p>\u2013 Preventivo: Aplicar de manera foliar a partir de los 10 d\u00edas de nacimiento de la pl\u00e1ntula, aplicando cada 7 d\u00edas hasta la primera etapa del armado de frutos (Prefloraci\u00f3n). Dejar de aplicar cuando el fruto comienza a madurar.<\/p>\n<p>\u2013 Controlador: Aplicar de manera foliar a partir de los 7 d\u00edas de nacimiento de la pl\u00e1ntula, aplicando cada 4 d\u00edas. Dejar de aplicar cuando el fruto comienza a madurar.<\/p>\n<ul>\n<li><strong>Dosis<\/strong><strong>:<\/strong>\u00a020 cc de Biorepelent por cada (1) litro de preparado.<\/li>\n<\/ul>\n<ul>\n<li>Envases Disponibles:<\/li>\n<\/ul>\n<p>\u2013 200 cc: 250-300 gr aprox.<\/p>\n<p>\u2013 500 cc: 500-600 gr aprox.<\/p>\n","protected":false},"excerpt":{"rendered":"<p>\u2013 Producto 100% Org\u00e1nico: Biorepelente y Biofunguicida elaborado a partir de Biofermento. Compuesto por extractos vegetales libres de qu\u00edmicos e inoculado con diferentes tipos de microorganismos.<\/p>\n","protected":false},"featured_media":332,"comment_status":"open","ping_status":"closed","template":"","meta":[],"product_cat":[17,18],"product_tag":[],"_links":{"self":[{"href":"https:\/\/bioinsumoslivingsoil.com\/index.php?rest_route=\/wp\/v2\/product\/835"}],"collection":[{"href":"https:\/\/bioinsumoslivingsoil.com\/index.php?rest_route=\/wp\/v2\/product"}],"about":[{"href":"https:\/\/bioinsumoslivingsoil.com\/index.php?rest_route=\/wp\/v2\/types\/product"}],"replies":[{"embeddable":true,"href":"https:\/\/bioinsumoslivingsoil.com\/index.php?rest_route=%2Fwp%2Fv2%2Fcomments&post=835"}],"wp:featuredmedia":[{"embeddable":true,"href":"https:\/\/bioinsumoslivingsoil.com\/index.php?rest_route=\/wp\/v2\/media\/332"}],"wp:attachment":[{"href":"https:\/\/bioinsumoslivingsoil.com\/index.php?rest_route=%2Fwp%2Fv2%2Fmedia&parent=835"}],"wp:term":[{"taxonomy":"product_cat","embeddable":true,"href":"https:\/\/bioinsumoslivingsoil.com\/index.php?rest_route=%2Fwp%2Fv2%2Fproduct_cat&post=835"},{"taxonomy":"product_tag","embeddable":true,"href":"https:\/\/bioinsumoslivingsoil.com\/index.php?rest_route=%2Fwp%2Fv2%2Fproduct_tag&post=835"}],"curies":[{"name":"wp","href":"https:\/\/api.w.org\/{rel}","templated":true}]}}