{"id":834,"date":"2024-04-24T11:33:35","date_gmt":"2024-04-24T14:33:35","guid":{"rendered":"https:\/\/bioinsumoslivingsoil.com\/?post_type=product&#038;p=834"},"modified":"2024-04-28T14:55:26","modified_gmt":"2024-04-28T17:55:26","slug":"pest-controller","status":"publish","type":"product","link":"https:\/\/bioinsumoslivingsoil.com\/?product=pest-controller","title":{"rendered":"Pest Controller"},"content":{"rendered":"<div class=\"wp-block-media-text alignwide is-stacked-on-mobile\">\n<div class=\"wp-block-media-text__content\">\n<p>\u2013 Producto 100% Org\u00e1nico: Jab\u00f3n Pot\u00e1sico con aceite de Neem..<\/p>\n<p>\u2013 \u201cPreventivo y controlador\u201d de plagas.<\/p>\n<p>\u2013 Insecticida y acaricida. Controlando desde Pulg\u00f3n, hasta Cochinilla, Trips, Mosca Blanca, y Ara\u00f1a Roja entre otrxs. Act\u00faa por contacto provocando asfixia de los insectos al ablandar su cut\u00edcula. Esto sin da\u00f1ar a insectos ben\u00e9ficos del jard\u00edn como las abejas.<\/p>\n<p>\u2013 No sist\u00e9mico: No entra en la planta y se degrada r\u00e1pidamente. Act\u00faa por asfixia.<\/p>\n<p>\u2013 Puede aplicarse en agricultura agroecol\u00f3gica sin perder la certificaci\u00f3n.<\/p>\n<\/div>\n<\/div>\n<p>&nbsp;<\/p>\n<p>\u2013 Funciona como emulsionante para aplicar en conjunto con otros productos.<\/p>\n<ul>\n<li>Aplicaci\u00f3n:<\/li>\n<\/ul>\n<p>\u2013 Preventivo: Aplicar de manera foliar a partir de los 10 d\u00edas de nacimiento de la pl\u00e1ntula, aplicando cada 7 d\u00edas hasta la primera etapa del armado de frutos (Prefloraci\u00f3n). Dejar de aplicar cuando el fruto comienza a madurar.<\/p>\n<p>\u2013 Controlador: Aplicar de manera foliar a partir de los 7 d\u00edas de nacimiento de la pl\u00e1ntula, aplicando cada 4 d\u00edas. Dejar de aplicar cuando el fruto comienza a madurar.<\/p>\n<ul>\n<li>Dosis: 20 a 30 cc de Pest Controller por cada (1) Litro de agua.<\/li>\n<\/ul>\n<p>\u2013 Agitar bien antes de cada uso.<\/p>\n<ul>\n<li>Envases Disponibles:<\/li>\n<\/ul>\n<p>\u2013 200 cc: 250-300 gr aprox.<\/p>\n<p>\u2013 500 cc: 500-600 gr aprox.<\/p>\n","protected":false},"excerpt":{"rendered":"<p>\u2013 Producto 100% Org\u00e1nico: Jab\u00f3n Pot\u00e1sico con aceite de Neem.. \u00a0\u201cPreventivo y controlador\u201d de plagas.<\/p>\n","protected":false},"featured_media":328,"comment_status":"open","ping_status":"closed","template":"","meta":[],"product_cat":[17,18],"product_tag":[],"_links":{"self":[{"href":"https:\/\/bioinsumoslivingsoil.com\/index.php?rest_route=\/wp\/v2\/product\/834"}],"collection":[{"href":"https:\/\/bioinsumoslivingsoil.com\/index.php?rest_route=\/wp\/v2\/product"}],"about":[{"href":"https:\/\/bioinsumoslivingsoil.com\/index.php?rest_route=\/wp\/v2\/types\/product"}],"replies":[{"embeddable":true,"href":"https:\/\/bioinsumoslivingsoil.com\/index.php?rest_route=%2Fwp%2Fv2%2Fcomments&post=834"}],"wp:featuredmedia":[{"embeddable":true,"href":"https:\/\/bioinsumoslivingsoil.com\/index.php?rest_route=\/wp\/v2\/media\/328"}],"wp:attachment":[{"href":"https:\/\/bioinsumoslivingsoil.com\/index.php?rest_route=%2Fwp%2Fv2%2Fmedia&parent=834"}],"wp:term":[{"taxonomy":"product_cat","embeddable":true,"href":"https:\/\/bioinsumoslivingsoil.com\/index.php?rest_route=%2Fwp%2Fv2%2Fproduct_cat&post=834"},{"taxonomy":"product_tag","embeddable":true,"href":"https:\/\/bioinsumoslivingsoil.com\/index.php?rest_route=%2Fwp%2Fv2%2Fproduct_tag&post=834"}],"curies":[{"name":"wp","href":"https:\/\/api.w.org\/{rel}","templated":true}]}}