{"id":833,"date":"2024-04-24T11:26:49","date_gmt":"2024-04-24T14:26:49","guid":{"rendered":"https:\/\/bioinsumoslivingsoil.com\/?post_type=product&#038;p=833"},"modified":"2026-02-22T14:27:00","modified_gmt":"2026-02-22T17:27:00","slug":"boost-friut","status":"publish","type":"product","link":"https:\/\/bioinsumoslivingsoil.com\/?product=boost-friut","title":{"rendered":"Boost Friut 500cc"},"content":{"rendered":"<div class=\"wp-block-media-text alignwide is-stacked-on-mobile\">\n<div class=\"wp-block-media-text__content\">\n<p>\u2013 Producto 100% Org\u00e1nico: A nuestro cl\u00e1sico Guano Mix \u00ae le realizamos una segunda fermentaci\u00f3n con Fosfato de Calcio Soluble Natural KNF (WS-CaPO), y Fosfato Monopot\u00e1sico (KH2PO4).<\/p>\n<p>\u2013 Elaborado a partir de nuestro cl\u00e1sico Guano Mix \u00ae enriquecido con Calcio (Ca), Fosforo (P) y Potasio (K), a trav\u00e9s de una segunda fermentaci\u00f3n anaer\u00f3bica donde agregamos\u00a0 Fosfato de Calcio Soluble Natural KNF (WS-CaPO), y Fosfato Monopot\u00e1sico (KH2PO4). Logrando as\u00ed un bioinsumo con base org\u00e1nica y agregado balanceado de sales , el cual permite no solo aumentar la producci\u00f3n sino tambi\u00e9n realzar las propiedades organol\u00e9pticas del fruto\/flor.<\/p>\n<\/div>\n<\/div>\n<p>\u2013 Contiene un componente balanceado de NPK promedio de 1\/2\/3 . Destinado a la etapa de floraci\u00f3n e incremento en el tama\u00f1o de frutos\/flores. Aumentando la producci\u00f3n final.<\/p>\n<p>\u2013 Amigable con el medio ambiente, garantizando una producci\u00f3n org\u00e1nica.<\/p>\n<p>\u2013 La relaci\u00f3n Fosforo\/Potasio (P\/K) es fundamental en la etapa de floraci\u00f3n donde se desea incrementar el tama\u00f1o de los frutos\/flores.<\/p>\n<p>\u2013\u00a0 \u00a0Todos los insumos utilizados son aprobados internacionalmente para producci\u00f3n de agricultura org\u00e1nica, pero no son recomendados en agricultura regenerativa (Suelo Vivo). Boost Friut es un de los pocos productos de Bioinsumos Living Soil que contiene sales en su compuesto.<\/p>\n<p>\u2013 PH: 6-7<\/p>\n<ul>\n<li>Aplicaci\u00f3n:\u00a0Se puede comenzar a aplicar 10 d\u00edas antes del comienzo de la floraci\u00f3n hasta 10 d\u00edas antes de cosechar. Aplicando 1 o 2 veces por semana en el riego (Sustrato) dependiendo del requerimiento nutricional del cultivo.<\/li>\n<li>Dosis: Aproximadamente 10 cc por cada (1) litro de preparado a utilizar (Dependiendo de la necesitad nutricional del cultivo)<\/li>\n<\/ul>\n<ul>\n<li>Envases Disponibles:<\/li>\n<\/ul>\n<p>\u2013 200 cc: 250-300 gr aprox.<\/p>\n<p>\u2013 500 cc: 500-600 gr aprox.<\/p>\n","protected":false},"excerpt":{"rendered":"<p>\u2013 Producto 100% Org\u00e1nico: \u00a0A nuestro cl\u00e1sico Guano Mix \u00ae le realizamos una segunda fermentaci\u00f3n con Fosfato de Calcio Soluble Natural KNF (WS-CaPO), y Fosfato Monopot\u00e1sico (KH2PO4).<\/p>\n","protected":false},"featured_media":327,"comment_status":"open","ping_status":"closed","template":"","meta":[],"product_cat":[17,18],"product_tag":[],"_links":{"self":[{"href":"https:\/\/bioinsumoslivingsoil.com\/index.php?rest_route=\/wp\/v2\/product\/833"}],"collection":[{"href":"https:\/\/bioinsumoslivingsoil.com\/index.php?rest_route=\/wp\/v2\/product"}],"about":[{"href":"https:\/\/bioinsumoslivingsoil.com\/index.php?rest_route=\/wp\/v2\/types\/product"}],"replies":[{"embeddable":true,"href":"https:\/\/bioinsumoslivingsoil.com\/index.php?rest_route=%2Fwp%2Fv2%2Fcomments&post=833"}],"wp:featuredmedia":[{"embeddable":true,"href":"https:\/\/bioinsumoslivingsoil.com\/index.php?rest_route=\/wp\/v2\/media\/327"}],"wp:attachment":[{"href":"https:\/\/bioinsumoslivingsoil.com\/index.php?rest_route=%2Fwp%2Fv2%2Fmedia&parent=833"}],"wp:term":[{"taxonomy":"product_cat","embeddable":true,"href":"https:\/\/bioinsumoslivingsoil.com\/index.php?rest_route=%2Fwp%2Fv2%2Fproduct_cat&post=833"},{"taxonomy":"product_tag","embeddable":true,"href":"https:\/\/bioinsumoslivingsoil.com\/index.php?rest_route=%2Fwp%2Fv2%2Fproduct_tag&post=833"}],"curies":[{"name":"wp","href":"https:\/\/api.w.org\/{rel}","templated":true}]}}