{"id":830,"date":"2024-04-24T11:19:28","date_gmt":"2024-04-24T14:19:28","guid":{"rendered":"https:\/\/bioinsumoslivingsoil.com\/?post_type=product&#038;p=830"},"modified":"2025-03-04T16:21:03","modified_gmt":"2025-03-04T19:21:03","slug":"m-e-n","status":"publish","type":"product","link":"https:\/\/bioinsumoslivingsoil.com\/?product=m-e-n","title":{"rendered":"M.E.N 500 cc"},"content":{"rendered":"<div class=\"h-row-container gutters-row-lg-2 gutters-row-md-2 gutters-row-0 gutters-row-v-lg-2 gutters-row-v-md-2 gutters-row-v-2 style-579 style-local-439-c3 position-relative\" data-colibri-id=\"439-c3\">\n<div class=\"h-row justify-content-lg-center justify-content-md-center justify-content-center align-items-lg-stretch align-items-md-stretch align-items-stretch gutters-col-lg-2 gutters-col-md-2 gutters-col-0 gutters-col-v-lg-2 gutters-col-v-md-2 gutters-col-v-2\">\n<div class=\"h-column h-column-container d-flex h-col-lg-auto h-col-md-auto h-col-auto style-582-outer style-local-439-c7-outer\">\n<div class=\"d-flex h-flex-basis h-column__inner h-px-lg-2 h-px-md-2 h-px-2 v-inner-lg-2 v-inner-md-2 v-inner-2 style-582 style-local-439-c7 position-relative\" data-colibri-id=\"439-c7\">\n<div class=\"w-100 h-y-container h-column__content h-column__v-align flex-basis-100 align-self-lg-start align-self-md-start align-self-start\">\n<div class=\"h-text h-text-component style-583 style-local-439-c8 position-relative h-element\" data-colibri-id=\"439-c8\">\n<div class=\"\">\n<p>\u2013 Producto 100% org\u00e1nico : Activaci\u00f3n l\u00edquida de nuestro consocio de Microorganismos Eficientes Nativos.<\/p>\n<p>\u2013 Fermentado en diferentes fases con el objetivo de ofrecer no solo Hongos sino tambi\u00e9n Bacterias y Levaduras.<\/p>\n<p>\u2013 Transforma la materia org\u00e1nica (Quelatando), liberando nutrientes directamente asimilable por las plantas.<\/p>\n<p>\u2013 Mantiene vigor y salud en las plantas ya que controla el desarrollo de hongos pat\u00f3genos como el Fusarium, O\u00eddio,etc.<\/p>\n<p>\u2013 En producci\u00f3n de enmiendas org\u00e1nicas acelera los procesos de descomposici\u00f3n de la materia como en el Compost, Lombricompost, Bokashi, etc.<\/p>\n<p>\u2013 Funciona como limpiador en la etapa final del cultivo para eliminar una posible acumulaci\u00f3n de sales en caso de utilizarlas.<\/p>\n<p>\u2013 Tambi\u00e9n funciona como PH Down (PH -) ya que su PH ronda entre 3 y 4.<\/p>\n<\/div>\n<\/div>\n<\/div>\n<\/div>\n<\/div>\n<\/div>\n<\/div>\n<div class=\"h-row-container gutters-row-lg-2 gutters-row-md-2 gutters-row-0 gutters-row-v-lg-2 gutters-row-v-md-2 gutters-row-v-2 style-584 style-local-439-c9 position-relative\" data-colibri-id=\"439-c9\">\n<div class=\"h-row justify-content-lg-center justify-content-md-center justify-content-center align-items-lg-stretch align-items-md-stretch align-items-stretch gutters-col-lg-2 gutters-col-md-2 gutters-col-0 gutters-col-v-lg-2 gutters-col-v-md-2 gutters-col-v-2\">\n<div class=\"h-column h-column-container d-flex h-col-lg-auto h-col-md-auto h-col-auto style-585-outer style-local-439-c10-outer\">\n<div class=\"d-flex h-flex-basis h-column__inner h-px-lg-2 h-px-md-2 h-px-2 v-inner-lg-2 v-inner-md-2 v-inner-2 style-585 style-local-439-c10 position-relative\" data-colibri-id=\"439-c10\">\n<div class=\"w-100 h-y-container h-column__content h-column__v-align flex-basis-100 align-self-lg-start align-self-md-start align-self-start\">\n<div class=\"h-text h-text-component style-586 style-local-439-c11 position-relative h-element\" data-colibri-id=\"439-c11\">\n<div class=\"\">\n<p>Aplicaci\u00f3n:<\/p>\n<p>\u2013 Comenzar aplicaci\u00f3n a partir de los 10 d\u00edas de nacimiento de la pl\u00e1ntula, aplicando cada 10 d\u00edas.<\/p>\n<p>\u2013 Puede aplicarse en el sustrato hasta el final de la cosecha y foliar hasta prefloraci\u00f3n (Comienzo de armado de frutos\/flores).<\/p>\n<p>Dosis:<\/p>\n<p>\u2013 20 a 30 cc de M.E.N. por cada (1) litro de preparado. Se recomienda agregar 2 a 4 cc de Sugar Living Soil por cada litro de preparado y utilizar agua sin cloro.<\/p>\n<p>\u2013 Agitar antes de cada uso.<\/p>\n<p>Envases Disponibles:<\/p>\n<p>\u2013 200 cc: 250-300 gr aprox.<\/p>\n<p>\u2013 500 cc: 500-600 gr aprox.<\/p>\n<\/div>\n<\/div>\n<\/div>\n<\/div>\n<\/div>\n<\/div>\n<\/div>\n","protected":false},"excerpt":{"rendered":"<p>Producto 100% org\u00e1nico : Activaci\u00f3n l\u00edquida de nuestro consocio de Microorganismos Eficientes Nativos.<\/p>\n","protected":false},"featured_media":314,"comment_status":"open","ping_status":"closed","template":"","meta":[],"product_cat":[17,18],"product_tag":[],"_links":{"self":[{"href":"https:\/\/bioinsumoslivingsoil.com\/index.php?rest_route=\/wp\/v2\/product\/830"}],"collection":[{"href":"https:\/\/bioinsumoslivingsoil.com\/index.php?rest_route=\/wp\/v2\/product"}],"about":[{"href":"https:\/\/bioinsumoslivingsoil.com\/index.php?rest_route=\/wp\/v2\/types\/product"}],"replies":[{"embeddable":true,"href":"https:\/\/bioinsumoslivingsoil.com\/index.php?rest_route=%2Fwp%2Fv2%2Fcomments&post=830"}],"wp:featuredmedia":[{"embeddable":true,"href":"https:\/\/bioinsumoslivingsoil.com\/index.php?rest_route=\/wp\/v2\/media\/314"}],"wp:attachment":[{"href":"https:\/\/bioinsumoslivingsoil.com\/index.php?rest_route=%2Fwp%2Fv2%2Fmedia&parent=830"}],"wp:term":[{"taxonomy":"product_cat","embeddable":true,"href":"https:\/\/bioinsumoslivingsoil.com\/index.php?rest_route=%2Fwp%2Fv2%2Fproduct_cat&post=830"},{"taxonomy":"product_tag","embeddable":true,"href":"https:\/\/bioinsumoslivingsoil.com\/index.php?rest_route=%2Fwp%2Fv2%2Fproduct_tag&post=830"}],"curies":[{"name":"wp","href":"https:\/\/api.w.org\/{rel}","templated":true}]}}