{"id":828,"date":"2024-04-24T11:11:05","date_gmt":"2024-04-24T14:11:05","guid":{"rendered":"https:\/\/bioinsumoslivingsoil.com\/?post_type=product&#038;p=828"},"modified":"2026-02-22T12:59:42","modified_gmt":"2026-02-22T15:59:42","slug":"guano-mix","status":"publish","type":"product","link":"https:\/\/bioinsumoslivingsoil.com\/?product=guano-mix","title":{"rendered":"Guano mix 500cc"},"content":{"rendered":"<div class=\"wp-block-media-text alignwide is-stacked-on-mobile\">\n<div class=\"wp-block-media-text__content\">\n<p>Producto 100% Org\u00e1nico: Bi\u00f3l elaborado a partir de distintos tipos de guanos (Caprinaza, Conejaza, Bovinaza y Equinaza principalmente) previamente compostados con t\u00e9cnica Bokashi, Harinas de Rocas (Dolomita, Saponita Volc\u00e1nica, Basalto y Diatomeas), Cenizas, Extracto de Aloe Vera (FJP), y Sal Marina. Luego es inoculado con M.E.N. (Microorganismos Eficientes Nativos), LAB (Bacterias Acido L\u00e1cticas), Vinagre Natural y cultivos de Levaduras Madres.<\/p>\n<p>Todo ello es fermentado de manera anaer\u00f3bica en sistema cerrado que permite la salida del Di\u00f3xido de Carbono sin ingreso de Oxigeno. Produciendo un bioestimulante de primera calidad para todas las etapas de cultivo.<\/p>\n<\/div>\n<\/div>\n<p>\u2013 Bioestimulante inoculador de microorganismos ben\u00e9ficos que contiene un componente balanceado de nutrientes.<\/p>\n<p>\u2013 Presenta materia org\u00e1nica, microorganismos ben\u00e9ficos y minerales.<\/p>\n<p>\u2013 Regula y mejora los procesos fisiol\u00f3gicos de los cultivos, logrando mayor eficiencia. Facilitando la asimilaci\u00f3n, el paso y uso de los nutrientes.<\/p>\n<p><strong>\u2013<\/strong>\u00a0Regenera la poblaci\u00f3n de microorganismos beneficiosos que viven en el suelo.<\/p>\n<p>\u2013 Aporta tanto macronutrientes como micronutrientes (Minerales) directamente asimilable para las plantas gracias al trabajo de los M.E.N. (Microorganismos) que permiten la quelaci\u00f3n de cada uno de los componentes , dejando todos los nutrientes biodisponibles en el medio.<\/p>\n<ul>\n<li>Aplicaci\u00f3n<\/li>\n<\/ul>\n<p>\u2013 Comenzar aplicaci\u00f3n a partir de los 10 d\u00edas de nacimiento de la pl\u00e1ntula, aplicando cada 7-10 d\u00edas aproximadamente dependiendo del requerimiento nutricional del cultivo.<\/p>\n<p>\u2013 Foliar: Se puede aplicar de manera foliar\/pulverizado solo hasta el comienzo de armado de los frutos (Prefloraci\u00f3n).<\/p>\n<p>\u2013 Riego: Se puede aplicar desde los 10 d\u00edas de nacimiento de la pl\u00e1ntula hasta 10 d\u00edas antes de cosechar sin necesidad de realizar lavado de ra\u00edces.<\/p>\n<ul>\n<li>Dosis<\/li>\n<\/ul>\n<p>\u2013 10 a 20 cc de Guano Mix por cada (1) Litro de preparado. Se recomienda utilizar agua sin cloro y agregar 2 a 4 cc de Sugar Living Soil por cada (1) Litro de preparado.<\/p>\n<p>Se puede optar por dejar reposar el preparado entre 12 y 72 hs sin exposici\u00f3n directa de la luz, con aireador y\/o bomba de agua que permita oxigenar el preparado.<\/p>\n<p>\u2013 Agitar bien antes de usar.<\/p>\n<ul>\n<li>Envases Disponibles:<\/li>\n<\/ul>\n<p>\u2013 200 cc: 250-300 gr aprox.<\/p>\n<p>\u2013 500 cc: 500-600 gr aprox.<\/p>\n<p>\u2013 Consultar por envases de 5 Litros disponibles para ONGs<\/p>\n","protected":false},"excerpt":{"rendered":"<p>Bioestimulante elaborado a partir de fermentaci\u00f3n, desarrollado para todas las etapas del cultivo.<\/p>\n","protected":false},"featured_media":311,"comment_status":"open","ping_status":"closed","template":"","meta":[],"product_cat":[17,18],"product_tag":[],"_links":{"self":[{"href":"https:\/\/bioinsumoslivingsoil.com\/index.php?rest_route=\/wp\/v2\/product\/828"}],"collection":[{"href":"https:\/\/bioinsumoslivingsoil.com\/index.php?rest_route=\/wp\/v2\/product"}],"about":[{"href":"https:\/\/bioinsumoslivingsoil.com\/index.php?rest_route=\/wp\/v2\/types\/product"}],"replies":[{"embeddable":true,"href":"https:\/\/bioinsumoslivingsoil.com\/index.php?rest_route=%2Fwp%2Fv2%2Fcomments&post=828"}],"wp:featuredmedia":[{"embeddable":true,"href":"https:\/\/bioinsumoslivingsoil.com\/index.php?rest_route=\/wp\/v2\/media\/311"}],"wp:attachment":[{"href":"https:\/\/bioinsumoslivingsoil.com\/index.php?rest_route=%2Fwp%2Fv2%2Fmedia&parent=828"}],"wp:term":[{"taxonomy":"product_cat","embeddable":true,"href":"https:\/\/bioinsumoslivingsoil.com\/index.php?rest_route=%2Fwp%2Fv2%2Fproduct_cat&post=828"},{"taxonomy":"product_tag","embeddable":true,"href":"https:\/\/bioinsumoslivingsoil.com\/index.php?rest_route=%2Fwp%2Fv2%2Fproduct_tag&post=828"}],"curies":[{"name":"wp","href":"https:\/\/api.w.org\/{rel}","templated":true}]}}