{"id":794,"date":"2023-10-10T12:53:45","date_gmt":"2023-10-10T15:53:45","guid":{"rendered":"https:\/\/bioinsumoslivingsoil.com\/?page_id=794"},"modified":"2024-04-28T15:20:33","modified_gmt":"2024-04-28T18:20:33","slug":"pest-fungs","status":"publish","type":"page","link":"https:\/\/bioinsumoslivingsoil.com\/?page_id=794","title":{"rendered":"Pest and Fungs"},"content":{"rendered":"<div data-colibri-id=\"794-c1\" class=\"style-858 style-local-794-c1 position-relative\">\n  <!---->\n  <div data-colibri-component=\"section\" data-colibri-id=\"794-c2\" id=\"initial-content\" class=\"h-section h-section-global-spacing d-flex align-items-lg-center align-items-md-center align-items-center style-859 style-local-794-c2 position-relative\">\n    <!---->\n    <!---->\n    <div class=\"h-section-grid-container h-section-boxed-container\">\n      <!---->\n      <div data-colibri-id=\"794-c3\" class=\"h-row-container gutters-row-lg-2 gutters-row-md-2 gutters-row-0 gutters-row-v-lg-2 gutters-row-v-md-2 gutters-row-v-2 style-860 style-local-794-c3 position-relative\">\n        <!---->\n        <div class=\"h-row justify-content-lg-center justify-content-md-center justify-content-center align-items-lg-stretch align-items-md-stretch align-items-stretch gutters-col-lg-2 gutters-col-md-2 gutters-col-0 gutters-col-v-lg-2 gutters-col-v-md-2 gutters-col-v-2\">\n          <!---->\n          <div class=\"h-column h-column-container d-flex h-col-lg-auto h-col-md-auto h-col-auto style-861-outer style-local-794-c4-outer\">\n            <div data-colibri-id=\"794-c4\" class=\"d-flex h-flex-basis h-column__inner h-px-lg-2 h-px-md-2 h-px-2 v-inner-lg-2 v-inner-md-2 v-inner-2 style-861 style-local-794-c4 position-relative\">\n              <!---->\n              <!---->\n              <div class=\"w-100 h-y-container h-column__content h-column__v-align flex-basis-100 align-self-lg-start align-self-md-start align-self-start\">\n                <!---->\n                <div data-colibri-id=\"794-c5\" class=\"style-862 style-local-794-c5 position-relative h-element\">\n                  <!---->\n                  <div>\n                    \n                    <div class=\"wp-block-media-text is-stacked-on-mobile\" style=\"grid-template-columns:47% auto\">\n                      <figure class=\"wp-block-media-text__media\">\n                        <img loading=\"lazy\" decoding=\"async\" width=\"1000\" height=\"700\" src=\"https:\/\/bioinsumoslivingsoil.com\/wp-content\/uploads\/2023\/10\/pest-and-fungs-para-web.png\" alt=\"\" class=\"wp-image-795 size-full\" srcset=\"https:\/\/bioinsumoslivingsoil.com\/wp-content\/uploads\/2023\/10\/pest-and-fungs-para-web.png 1000w, https:\/\/bioinsumoslivingsoil.com\/wp-content\/uploads\/2023\/10\/pest-and-fungs-para-web-600x420.png 600w, https:\/\/bioinsumoslivingsoil.com\/wp-content\/uploads\/2023\/10\/pest-and-fungs-para-web-300x210.png 300w, https:\/\/bioinsumoslivingsoil.com\/wp-content\/uploads\/2023\/10\/pest-and-fungs-para-web-768x538.png 768w\" sizes=\"(max-width: 1000px) 100vw, 1000px\" \/>\n                      <\/figure>\n                      <div class=\"wp-block-media-text__content\">\n                        \n                        <p>\n                          <a href=\"https:\/\/www.instagram.com\/explore\/tags\/pestandfungs\/\">#PestandFungs<\/a>&nbsp;es nuestro producto estrella para combatir todo tipo de plagas y hongos pat\u00f3genos de manera amigable con el medio ambiente.<\/p>\n                        \n\n                        \n                        <p>&#8211; Formula aprobada internacionalmente en producci\u00f3n org\u00e1nica. Contiene Azufre y Diatomeas.<\/p>\n                        \n\n                        \n                        <p>&#8211; Elimina todo tipo de plagas por su acci\u00f3n insecticida\/acaricida, como as\u00ed tambi\u00e9n todo tipo de hongos pat\u00f3genos que puedan afectar el cultivo gracias a su acci\u00f3n antif\u00fangica.<\/p>\n                        \n                      <\/div>\n                    <\/div>\n                    \n\n                    \n                    <p><\/p>\n                    \n\n                    \n                    <p>&#8211; Aplicaci\u00f3n:\n                      <br>Aplicar v\u00eda foliar\/pulverizaci\u00f3n en el follaje. Se puede comenzar a aplicar a partir de los 20 d\u00edas de nacimiento de la planta\/esqueje , realizando la aplicaci\u00f3n cada 15 a 20 d\u00edas de forma preventiva.\n                      <br>Si una plaga u hongo pat\u00f3geno se instala se puede aplicar cada 5\/7 d\u00edas durante 21 d\u00edas.<\/p>\n                    \n\n                    \n                    <p>Se puede combinar de manera opcional con&nbsp;\n                      <a href=\"https:\/\/www.instagram.com\/explore\/tags\/pestcontroller\/\">#PestController<\/a>&nbsp;midiendo y controlando la EC deseada.<\/p>\n                    \n\n                    \n                    <p>&#8211; Dosis: 2 a 4 cc\/ml por litro de preparado.<\/p>\n                    \n                  <\/div>\n                <\/div>\n                <div data-colibri-id=\"794-c6\" class=\"h-x-container style-863 style-local-794-c6 position-relative h-element\">\n                  <!---->\n                  <div class=\"h-x-container-inner style-dynamic-794-c6-group style-863-spacing style-local-794-c6-spacing\"><span class=\"h-button__outer style-864-outer style-local-794-c7-outer d-inline-flex h-element\"><a h-use-smooth-scroll=\"true\" href=\"https:\/\/bioinsumoslivingsoil.com\/?post_type=product\"  data-colibri-id=\"794-c7\" class=\"d-flex w-100 align-items-center h-button justify-content-lg-center justify-content-md-center justify-content-center style-864 style-local-794-c7 position-relative\"><!----><!----> <span>Ver en la tienda<\/span><\/a>\n                    <\/span>\n                  <\/div>\n                <\/div>\n              <\/div>\n            <\/div>\n          <\/div>\n        <\/div>\n      <\/div>\n    <\/div>\n  <\/div>\n<\/div>","protected":false},"excerpt":{"rendered":"<p>#PestandFungs&nbsp;es nuestro producto estrella para combatir todo tipo de plagas y hongos pat\u00f3genos de manera amigable con el medio ambiente. &#8211; Formula aprobada internacionalmente en producci\u00f3n org\u00e1nica. Contiene Azufre y Diatomeas. &#8211; Elimina todo tipo de plagas por su acci\u00f3n insecticida\/acaricida, como as\u00ed tambi\u00e9n todo tipo de hongos pat\u00f3genos que puedan afectar el cultivo gracias [&hellip;]<\/p>\n","protected":false},"author":2,"featured_media":0,"parent":0,"menu_order":0,"comment_status":"closed","ping_status":"closed","template":"page-templates\/full-width-page.php","meta":{"footnotes":""},"_links":{"self":[{"href":"https:\/\/bioinsumoslivingsoil.com\/index.php?rest_route=\/wp\/v2\/pages\/794"}],"collection":[{"href":"https:\/\/bioinsumoslivingsoil.com\/index.php?rest_route=\/wp\/v2\/pages"}],"about":[{"href":"https:\/\/bioinsumoslivingsoil.com\/index.php?rest_route=\/wp\/v2\/types\/page"}],"author":[{"embeddable":true,"href":"https:\/\/bioinsumoslivingsoil.com\/index.php?rest_route=\/wp\/v2\/users\/2"}],"replies":[{"embeddable":true,"href":"https:\/\/bioinsumoslivingsoil.com\/index.php?rest_route=%2Fwp%2Fv2%2Fcomments&post=794"}],"version-history":[{"count":5,"href":"https:\/\/bioinsumoslivingsoil.com\/index.php?rest_route=\/wp\/v2\/pages\/794\/revisions"}],"predecessor-version":[{"id":1016,"href":"https:\/\/bioinsumoslivingsoil.com\/index.php?rest_route=\/wp\/v2\/pages\/794\/revisions\/1016"}],"wp:attachment":[{"href":"https:\/\/bioinsumoslivingsoil.com\/index.php?rest_route=%2Fwp%2Fv2%2Fmedia&parent=794"}],"curies":[{"name":"wp","href":"https:\/\/api.w.org\/{rel}","templated":true}]}}