{"id":485,"date":"2023-05-08T18:59:18","date_gmt":"2023-05-08T21:59:18","guid":{"rendered":"https:\/\/bioinsumoslivingsoil.com\/?page_id=485"},"modified":"2024-06-18T17:22:23","modified_gmt":"2024-06-18T20:22:23","slug":"enmiendas","status":"publish","type":"page","link":"https:\/\/bioinsumoslivingsoil.com\/?page_id=485","title":{"rendered":"Enmiendas"},"content":{"rendered":"<div data-colibri-id=\"485-c1\" class=\"style-526 style-local-485-c1 position-relative\">\n  <!---->\n  <div data-colibri-component=\"section\" data-colibri-id=\"485-c2\" id=\"features\" class=\"h-section h-section-global-spacing d-flex align-items-lg-center align-items-md-center align-items-center style-527 style-local-485-c2 position-relative\">\n    <!---->\n    <!---->\n    <div class=\"h-separator\" style=\"height: 100px; bottom: calc(0px);\">\n      <svg style=\"fill:#00bf87;transform:rotateX(180deg);\" xmlns=\"http:\/\/www.w3.org\/2000\/svg\" viewBox=\"0 0 1000 100\" preserveAspectRatio=\"none\">\n        <g opacity=\"0.33\">\n          <path d=\"M385.42,52.92c-11.63,4.22-23.18,9-34.52,14.38-103.18,49-91.83-33.55-148.36-.49,50.13,17.35,121.87,64.84,270.46.49,11-4.7,64.52-25.43,118-41.8-4-.52-8.45-.95-13.41-1.28C507.83,41.64,455.4,71.84,385.42,52.92Z\" transform=\"translate(0 0)\" style=\"isolation:isolate\"><\/path>\n          <path d=\"M0,59.7S48.08,103,116.06,83.43C54.25,76.6,0,39.8,0,39.8Z\" transform=\"translate(0 0)\" style=\"isolation:isolate\"><\/path>\n          <path d=\"M916.4,48.1c-55.76,5.45-76.83,2-111.28-7.81-3.09,1.4-6.07,2.81-9,4.22,13.93,8.57,25.54,16.74,33.15,22.39,13,9.8,43,25.4,75.8,22.1S1000,59.7,1000,59.7V36.5s-6.87-4.5-21.48-9.06C966,36.56,946.56,45.15,916.4,48.1Z\" transform=\"translate(0 0)\" style=\"isolation:isolate\"><\/path>\n        <\/g>\n        <g opacity=\"0.66\">\n          <path d=\"M771.65,30.49,766.1,28.9c-55-15.81-99.84-18-138.66-13.76a368.79,368.79,0,0,0-49.81,9.08c5,.33,9.44.76,13.41,1.28a89.13,89.13,0,0,1,13.86,2.7C656.8,44.1,688.5,67.3,734,67.3c19.82,0,38-11.12,62.15-22.79,2.9-1.41,5.88-2.82,9-4.22C795.39,37.52,784.59,34.23,771.65,30.49Z\"\n            transform=\"translate(0 0)\"><\/path>\n          <path d=\"M371,48.4C242,1.8,242,5.4,184.8,20.6,128,35.8,132.3,44.9,89.9,52.5,28.6,63.7,0,0,0,0V39.8S54.25,76.6,116.06,83.43c28.46,3.15,58.53-.05,85.64-16.13l.84-.49c56.53-33.06,45.18,49.44,148.36.49,11.34-5.38,22.89-10.16,34.52-14.38Q378.34,51,371,48.4Z\"\n            transform=\"translate(0 0)\"><\/path>\n          <path d=\"M978.52,27.44C993.13,32,1000,36.5,1000,36.5V0S996.54,14.27,978.52,27.44Z\" transform=\"translate(0 0)\"><\/path>\n        <\/g>\n        <path d=\"M0,0S28.6,63.7,89.9,52.5c42.4-7.6,38.1-16.7,94.9-31.9C242,5.4,242,1.8,371,48.4q7.33,2.61,14.42,4.52c70,18.92,122.41-11.28,192.21-28.7a368.79,368.79,0,0,1,49.81-9.08c38.82-4.21,83.68-2.05,138.66,13.76l5.55,1.59c12.94,3.74,23.74,7,33.47,9.8,34.45,9.83,55.52,13.26,111.28,7.81,30.16-3,49.63-11.54,62.12-20.66C996.54,14.27,1000,0,1000,0Z\"\n          transform=\"translate(0 0)\"><\/path>\n      <\/svg>\n    <\/div>\n    <div class=\"h-section-grid-container h-section-boxed-container\">\n      <!---->\n      <div data-colibri-id=\"485-c3\" class=\"h-row-container gutters-row-lg-2 gutters-row-md-2 gutters-row-2 gutters-row-v-lg-2 gutters-row-v-md-2 gutters-row-v-2 style-528 style-local-485-c3 position-relative\">\n        <!---->\n        <div class=\"h-row justify-content-lg-center justify-content-md-center justify-content-center align-items-lg-stretch align-items-md-stretch align-items-stretch gutters-col-lg-2 gutters-col-md-2 gutters-col-2 gutters-col-v-lg-2 gutters-col-v-md-2 gutters-col-v-2\">\n          <!---->\n          <div class=\"h-column h-column-container d-flex h-col-lg-4 h-col-md-6 h-col-12 style-529-outer style-local-485-c4-outer\">\n            <div data-colibri-id=\"485-c4\" class=\"d-flex h-flex-basis h-column__inner h-px-lg-0 h-px-md-0 h-px-0 v-inner-lg-0 v-inner-md-0 v-inner-0 style-529 style-local-485-c4 position-relative\">\n              <!---->\n              <!---->\n              <div class=\"w-100 h-y-container h-column__content h-column__v-align flex-basis-100 align-self-lg-start align-self-md-start align-self-start\">\n                <!---->\n                <div data-colibri-id=\"485-c5\" class=\"d-block style-530 style-local-485-c5 position-relative h-element\">\n                  <!---->\n                  <div class=\"h-image__frame-container-outer\">\n                    <a href=\"https:\/\/bioinsumoslivingsoil.com\/?page_id=454\" h-use-smooth-scroll=\"true\" class=\"image-link\">\n                      <div class=\"h-image__frame-container\">\n                        <!---->\n                        <!---->\n                        <img loading=\"lazy\" decoding=\"async\" width=\"1000\" height=\"700\" src=\"https:\/\/bioinsumoslivingsoil.com\/wp-content\/uploads\/2023\/05\/bokashi.png\" class=\"wp-image-377 style-530-image style-local-485-c5-image\" alt=\"\" srcset=\"https:\/\/bioinsumoslivingsoil.com\/wp-content\/uploads\/2023\/05\/bokashi.png 1000w, https:\/\/bioinsumoslivingsoil.com\/wp-content\/uploads\/2023\/05\/bokashi-600x420.png 600w, https:\/\/bioinsumoslivingsoil.com\/wp-content\/uploads\/2023\/05\/bokashi-300x210.png 300w, https:\/\/bioinsumoslivingsoil.com\/wp-content\/uploads\/2023\/05\/bokashi-768x538.png 768w\" sizes=\"(max-width: 1000px) 100vw, 1000px\" \/>\n                        <div class=\"h-image__frame h-hide-lg h-hide-md h-hide-sm style-530-frameImage style-local-485-c5-frameImage\"><\/div>\n                      <\/div>\n                    <\/a>\n                  <\/div>\n                <\/div>\n                <div data-colibri-id=\"485-c6\" class=\"h-row-container gutters-row-lg-0 gutters-row-md-0 gutters-row-2 gutters-row-v-lg-0 gutters-row-v-md-0 gutters-row-v-2 style-531 style-local-485-c6 position-relative\">\n                  <!---->\n                  <div class=\"h-row justify-content-lg-center justify-content-md-center justify-content-center align-items-lg-stretch align-items-md-stretch align-items-stretch gutters-col-lg-0 gutters-col-md-0 gutters-col-2 gutters-col-v-lg-0 gutters-col-v-md-0 gutters-col-v-2\">\n                    <!---->\n                    <div class=\"h-column h-column-container d-flex h-col-lg-auto h-col-md-auto h-col-auto style-532-outer style-local-485-c7-outer\">\n                      <div data-colibri-id=\"485-c7\" class=\"d-flex h-flex-basis h-column__inner h-px-lg-2 h-px-md-3 h-px-2 v-inner-lg-2 v-inner-md-3 v-inner-2 style-532 style-local-485-c7 position-relative\">\n                        <!---->\n                        <!---->\n                        <div class=\"w-100 h-y-container h-column__content h-column__v-align flex-basis-100 align-self-lg-start align-self-md-start align-self-start\">\n                          <!---->\n                          <div data-colibri-id=\"485-c8\" class=\"h-global-transition-all h-heading style-533 style-local-485-c8 position-relative h-element\">\n                            <!---->\n                            <div class=\"h-heading__outer style-533 style-local-485-c8\">\n                              <!---->\n                              <!---->\n                              <a href=\"https:\/\/bioinsumoslivingsoil.com\/?page_id=454\" h-use-smooth-scroll=\"true\">\n                                <h4 class=\"\">Bokashi<\/h4>\n                              <\/a>\n                            <\/div>\n                          <\/div>\n                        <\/div>\n                      <\/div>\n                    <\/div>\n                  <\/div>\n                <\/div>\n              <\/div>\n            <\/div>\n          <\/div>\n          <div class=\"h-column h-column-container d-flex h-col-lg-4 h-col-md-6 h-col-12 style-529-outer style-local-485-c9-outer\">\n            <div data-colibri-id=\"485-c9\" class=\"d-flex h-flex-basis h-column__inner h-px-lg-0 h-px-md-0 h-px-0 v-inner-lg-0 v-inner-md-0 v-inner-0 style-529 style-local-485-c9 position-relative\">\n              <!---->\n              <!---->\n              <div class=\"w-100 h-y-container h-column__content h-column__v-align flex-basis-100 align-self-lg-start align-self-md-start align-self-start\">\n                <!---->\n                <div data-colibri-id=\"485-c10\" class=\"d-block style-530 style-local-485-c10 position-relative h-element\">\n                  <!---->\n                  <div class=\"h-image__frame-container-outer\">\n                    <a href=\"https:\/\/bioinsumoslivingsoil.com\/?page_id=1034\" h-use-smooth-scroll=\"true\" class=\"image-link\">\n                      <div class=\"h-image__frame-container\">\n                        <!---->\n                        <!---->\n                        <img loading=\"lazy\" decoding=\"async\" width=\"1000\" height=\"700\" src=\"https:\/\/bioinsumoslivingsoil.com\/wp-content\/uploads\/2024\/06\/biokashi-para-pagina.png\" class=\"wp-image-1029 style-530-image style-local-485-c10-image\" alt=\"\" srcset=\"https:\/\/bioinsumoslivingsoil.com\/wp-content\/uploads\/2024\/06\/biokashi-para-pagina.png 1000w, https:\/\/bioinsumoslivingsoil.com\/wp-content\/uploads\/2024\/06\/biokashi-para-pagina-300x210.png 300w, https:\/\/bioinsumoslivingsoil.com\/wp-content\/uploads\/2024\/06\/biokashi-para-pagina-768x538.png 768w, https:\/\/bioinsumoslivingsoil.com\/wp-content\/uploads\/2024\/06\/biokashi-para-pagina-600x420.png 600w\" sizes=\"(max-width: 1000px) 100vw, 1000px\" \/>\n                        <div class=\"h-image__frame h-hide-lg h-hide-md h-hide-sm style-530-frameImage style-local-485-c10-frameImage\"><\/div>\n                      <\/div>\n                    <\/a>\n                  <\/div>\n                <\/div>\n                <div data-colibri-id=\"485-c11\" class=\"h-row-container gutters-row-lg-0 gutters-row-md-0 gutters-row-2 gutters-row-v-lg-0 gutters-row-v-md-0 gutters-row-v-2 style-531 style-local-485-c11 position-relative\">\n                  <!---->\n                  <div class=\"h-row justify-content-lg-center justify-content-md-center justify-content-center align-items-lg-stretch align-items-md-stretch align-items-stretch gutters-col-lg-0 gutters-col-md-0 gutters-col-2 gutters-col-v-lg-0 gutters-col-v-md-0 gutters-col-v-2\">\n                    <!---->\n                    <div class=\"h-column h-column-container d-flex h-col-lg-auto h-col-md-auto h-col-auto style-532-outer style-local-485-c12-outer\">\n                      <div data-colibri-id=\"485-c12\" class=\"d-flex h-flex-basis h-column__inner h-px-lg-2 h-px-md-3 h-px-2 v-inner-lg-2 v-inner-md-3 v-inner-2 style-532 style-local-485-c12 position-relative\">\n                        <!---->\n                        <!---->\n                        <div class=\"w-100 h-y-container h-column__content h-column__v-align flex-basis-100 align-self-lg-start align-self-md-start align-self-start\">\n                          <!---->\n                          <div data-colibri-id=\"485-c13\" class=\"h-global-transition-all h-heading style-533 style-local-485-c13 position-relative h-element\">\n                            <!---->\n                            <div class=\"h-heading__outer style-533 style-local-485-c13\">\n                              <!---->\n                              <!---->\n                              <a href=\"https:\/\/bioinsumoslivingsoil.com\/?page_id=1034\" h-use-smooth-scroll=\"true\">\n                                <h4 class=\"\">Biokashi<\/h4>\n                              <\/a>\n                            <\/div>\n                          <\/div>\n                        <\/div>\n                      <\/div>\n                    <\/div>\n                  <\/div>\n                <\/div>\n              <\/div>\n            <\/div>\n          <\/div>\n        <\/div>\n      <\/div>\n      <div data-colibri-id=\"485-c19\" class=\"h-row-container gutters-row-lg-2 gutters-row-md-2 gutters-row-0 gutters-row-v-lg-2 gutters-row-v-md-2 gutters-row-v-2 style-605 style-local-485-c19 position-relative\">\n        <!---->\n        <div class=\"h-row justify-content-lg-center justify-content-md-center justify-content-center align-items-lg-stretch align-items-md-stretch align-items-stretch gutters-col-lg-2 gutters-col-md-2 gutters-col-0 gutters-col-v-lg-2 gutters-col-v-md-2 gutters-col-v-2\">\n          <!---->\n          <div class=\"h-column h-column-container d-flex h-col-lg-auto h-col-md-auto h-col-auto style-606-outer style-local-485-c20-outer\">\n            <div data-colibri-id=\"485-c20\" class=\"d-flex h-flex-basis h-column__inner h-px-lg-2 h-px-md-2 h-px-2 v-inner-lg-2 v-inner-md-2 v-inner-2 style-606 style-local-485-c20 position-relative\">\n              <!---->\n              <!---->\n              <div class=\"w-100 h-y-container h-column__content h-column__v-align flex-basis-100 align-self-lg-start align-self-md-start align-self-start\">\n                <!---->\n                <div data-colibri-id=\"485-c21\" class=\"h-text h-text-component style-607 style-local-485-c21 position-relative h-element\">\n                  <!---->\n                  <!---->\n                  <div class=\"\">\n                    <p>Nuestras enmiendas al igual que todos nuestros productos son 100% org\u00e1nicas. Estan destinadas a mejorar la vida y actividad de tu suelo\/sustrato aportando principalmente Microorganismos, Materia Org\u00e1nica y Minerales Naturales.<\/p>\n                    <p>Son f\u00e1ciles de aplicar, lo que permite disminuir el costo de producci\u00f3n final.<\/p>\n                    <p>Se pueden aplicar antes del cultivo para preparar el sustrato, durante el cultivo para mantener el vigor y despu\u00e9s de la cosecha con el objetivo de poder recuperar\/reutilizar sustratos que ya fueron usados.<\/p>\n                    <p>Si bien sus principales aplicaciones son en el sustrato\/suelo (Mezclado y\/o como Top Dress en la superficie), tambien funcionan muy bien en activaciones l\u00edquidas con el objetivo de incorporar los productos v\u00eda riego y foliar (Humus\n                      Tea, Bokashi Tea, etc).<\/p>\n                  <\/div>\n                <\/div>\n              <\/div>\n            <\/div>\n          <\/div>\n        <\/div>\n      <\/div>\n    <\/div>\n  <\/div>\n<\/div>","protected":false},"excerpt":{"rendered":"<p>Bokashi Biokashi Nuestras enmiendas al igual que todos nuestros productos son 100% org\u00e1nicas. Estan destinadas a mejorar la vida y actividad de tu suelo\/sustrato aportando principalmente Microorganismos, Materia Org\u00e1nica y Minerales Naturales. Son f\u00e1ciles de aplicar, lo que permite disminuir el costo de producci\u00f3n final. Se pueden aplicar antes del cultivo para preparar el sustrato, [&hellip;]<\/p>\n","protected":false},"author":2,"featured_media":0,"parent":0,"menu_order":0,"comment_status":"closed","ping_status":"closed","template":"page-templates\/full-width-page.php","meta":{"footnotes":""},"_links":{"self":[{"href":"https:\/\/bioinsumoslivingsoil.com\/index.php?rest_route=\/wp\/v2\/pages\/485"}],"collection":[{"href":"https:\/\/bioinsumoslivingsoil.com\/index.php?rest_route=\/wp\/v2\/pages"}],"about":[{"href":"https:\/\/bioinsumoslivingsoil.com\/index.php?rest_route=\/wp\/v2\/types\/page"}],"author":[{"embeddable":true,"href":"https:\/\/bioinsumoslivingsoil.com\/index.php?rest_route=\/wp\/v2\/users\/2"}],"replies":[{"embeddable":true,"href":"https:\/\/bioinsumoslivingsoil.com\/index.php?rest_route=%2Fwp%2Fv2%2Fcomments&post=485"}],"version-history":[{"count":12,"href":"https:\/\/bioinsumoslivingsoil.com\/index.php?rest_route=\/wp\/v2\/pages\/485\/revisions"}],"predecessor-version":[{"id":1077,"href":"https:\/\/bioinsumoslivingsoil.com\/index.php?rest_route=\/wp\/v2\/pages\/485\/revisions\/1077"}],"wp:attachment":[{"href":"https:\/\/bioinsumoslivingsoil.com\/index.php?rest_route=%2Fwp%2Fv2%2Fmedia&parent=485"}],"curies":[{"name":"wp","href":"https:\/\/api.w.org\/{rel}","templated":true}]}}