{"id":451,"date":"2023-05-08T16:31:44","date_gmt":"2023-05-08T19:31:44","guid":{"rendered":"https:\/\/bioinsumoslivingsoil.com\/?page_id=451"},"modified":"2024-04-28T15:11:02","modified_gmt":"2024-04-28T18:11:02","slug":"biorepelent","status":"publish","type":"page","link":"https:\/\/bioinsumoslivingsoil.com\/?page_id=451","title":{"rendered":"Biorepelent"},"content":{"rendered":"<div data-colibri-id=\"451-c1\" class=\"style-801 style-local-451-c1 position-relative\">\n  <!---->\n  <div data-colibri-component=\"section\" data-colibri-id=\"451-c2\" id=\"initial-content\" class=\"h-section h-section-global-spacing d-flex align-items-lg-center align-items-md-center align-items-center style-802 style-local-451-c2 position-relative\">\n    <!---->\n    <!---->\n    <div class=\"h-section-grid-container h-section-boxed-container\">\n      <!---->\n      <div data-colibri-id=\"451-c3\" class=\"h-row-container gutters-row-lg-2 gutters-row-md-2 gutters-row-0 gutters-row-v-lg-2 gutters-row-v-md-2 gutters-row-v-2 style-803 style-local-451-c3 position-relative\">\n        <!---->\n        <div class=\"h-row justify-content-lg-center justify-content-md-center justify-content-center align-items-lg-stretch align-items-md-stretch align-items-stretch gutters-col-lg-2 gutters-col-md-2 gutters-col-0 gutters-col-v-lg-2 gutters-col-v-md-2 gutters-col-v-2\">\n          <!---->\n          <div class=\"h-column h-column-container d-flex h-col-lg-auto h-col-md-auto h-col-auto style-804-outer style-local-451-c4-outer\">\n            <div data-colibri-id=\"451-c4\" class=\"d-flex h-flex-basis h-column__inner h-px-lg-2 h-px-md-2 h-px-2 v-inner-lg-2 v-inner-md-2 v-inner-2 style-804 style-local-451-c4 position-relative\">\n              <!---->\n              <!---->\n              <div class=\"w-100 h-y-container h-column__content h-column__v-align flex-basis-100 align-self-lg-start align-self-md-start align-self-start\">\n                <!---->\n                <div data-colibri-id=\"451-c5\" class=\"style-805 style-local-451-c5 position-relative h-element\">\n                  <!---->\n                  <div>\n                    \n                    <div class=\"wp-block-media-text alignwide is-stacked-on-mobile\" style=\"grid-template-columns:42% auto\">\n                      <figure class=\"wp-block-media-text__media\">\n                        <img loading=\"lazy\" decoding=\"async\" width=\"1000\" height=\"700\" src=\"https:\/\/bioinsumoslivingsoil.com\/wp-content\/uploads\/2023\/05\/cropped-cropped-Bio-Repelent.png\" alt=\"\" class=\"wp-image-332 size-full\" srcset=\"https:\/\/bioinsumoslivingsoil.com\/wp-content\/uploads\/2023\/05\/cropped-cropped-Bio-Repelent.png 1000w, https:\/\/bioinsumoslivingsoil.com\/wp-content\/uploads\/2023\/05\/cropped-cropped-Bio-Repelent-600x420.png 600w, https:\/\/bioinsumoslivingsoil.com\/wp-content\/uploads\/2023\/05\/cropped-cropped-Bio-Repelent-300x210.png 300w, https:\/\/bioinsumoslivingsoil.com\/wp-content\/uploads\/2023\/05\/cropped-cropped-Bio-Repelent-768x538.png 768w\" sizes=\"(max-width: 1000px) 100vw, 1000px\" \/>\n                      <\/figure>\n                      <div class=\"wp-block-media-text__content\">\n                        \n                        <p>&#8211; Producto 100% Org\u00e1nico: Biorepelente y Biofunguicida elaborado a partir de Biofermento. Compuesto por extractos vegetales libres de qu\u00edmicos e inoculado con diferentes tipos de microorganismos.<\/p>\n                        \n\n                        \n                        <p>Contiene extracto de Ajo (Allium Sativum), Aj\u00ed varios, Para\u00edso (Cinamomo), Cebolla (Allium Cepa), Arom\u00e1ticas Varias (Mentas, Yerba Buena, etc.) y Jengibre. Todo ello luego es inoculado con M.E.N. (Microorganismos Eficientes Nativos)\n                          y LAB (Bacterias Acido L\u00e1cticas) para su posterior fermentaci\u00f3n.<\/p>\n                        \n                      <\/div>\n                    <\/div>\n                    \n\n                    \n                    <p><\/p>\n                    \n\n                    \n                    <p>&#8211; Biorepelente para todo tipo de plagas que puedan afectar de manera negativa en tus cultivos (Cochinilla, Ara\u00f1a Roja, Trips, Moscas, etc), sin alejar a polinizadores naturales ben\u00e9ficos y controladores biologicos (Abejas , Mariposas,\n                      Coccin\u00e9lidos etc). Todo ello de manera ecol\u00f3gica y amigable con el medio ambiente, es un producto &#8220;No Toxico&#8221;.<\/p>\n                    \n\n                    \n                    <p>&#8211; Funci\u00f3n biofunguicida en diferentes hongos pat\u00f3genos como el Fusarium, O\u00eddio , etc.<\/p>\n                    \n\n                    \n                    <p>&#8211; Aporte extra de probi\u00f3ticos naturales ben\u00e9ficos (Microorganismos), Vitaminas y Nutrientes en menor medida.<\/p>\n                    \n\n                    \n                    <ul>\n                      \n                      <li><strong>Aplicaci\u00f3n<\/strong><strong>:<\/strong><\/li>\n                      \n                    <\/ul>\n                    \n\n                    \n                    <p>&#8211; Preventivo: Aplicar de manera foliar a partir de los 10 d\u00edas de nacimiento de la pl\u00e1ntula, aplicando cada 7 d\u00edas hasta la primera etapa del armado de frutos (Prefloraci\u00f3n). Dejar de aplicar cuando el fruto comienza a madurar.<\/p>\n                    \n\n                    \n                    <p>&#8211; Controlador: Aplicar de manera foliar a partir de los 7 d\u00edas de nacimiento de la pl\u00e1ntula, aplicando cada 4 d\u00edas. Dejar de aplicar cuando el fruto comienza a madurar.<\/p>\n                    \n\n                    \n                    <ul>\n                      \n                      <li><strong>Dosis<\/strong><strong>:<\/strong> 20 cc de Biorepelent por cada (1) litro de preparado.<\/li>\n                      \n                    <\/ul>\n                    \n\n                    \n                    <ul>\n                      \n                      <li>Envases Disponibles:<\/li>\n                      \n                    <\/ul>\n                    \n\n                    \n                    <p>&#8211; 200 cc: 250-300 gr aprox.<\/p>\n                    \n\n                    \n                    <p>&#8211; 500 cc: 500-600 gr aprox.<\/p>\n                    \n                  <\/div>\n                <\/div>\n                <div data-colibri-id=\"451-c6\" class=\"h-x-container style-806 style-local-451-c6 position-relative h-element\">\n                  <!---->\n                  <div class=\"h-x-container-inner style-dynamic-451-c6-group style-806-spacing style-local-451-c6-spacing\"><span class=\"h-button__outer style-807-outer style-local-451-c7-outer d-inline-flex h-element\"><a h-use-smooth-scroll=\"true\" href=\"https:\/\/bioinsumoslivingsoil.com\/?post_type=product\"  data-colibri-id=\"451-c7\" class=\"d-flex w-100 align-items-center h-button justify-content-lg-center justify-content-md-center justify-content-center style-807 style-local-451-c7 position-relative\"><!----><!----> <span>Ver en la tienda<\/span><\/a>\n                    <\/span>\n                  <\/div>\n                <\/div>\n              <\/div>\n            <\/div>\n          <\/div>\n        <\/div>\n      <\/div>\n    <\/div>\n  <\/div>\n<\/div>","protected":false},"excerpt":{"rendered":"<p>&#8211; Producto 100% Org\u00e1nico: Biorepelente y Biofunguicida elaborado a partir de Biofermento. Compuesto por extractos vegetales libres de qu\u00edmicos e inoculado con diferentes tipos de microorganismos. Contiene extracto de Ajo (Allium Sativum), Aj\u00ed varios, Para\u00edso (Cinamomo), Cebolla (Allium Cepa), Arom\u00e1ticas Varias (Mentas, Yerba Buena, etc.) y Jengibre. Todo ello luego es inoculado con M.E.N. (Microorganismos [&hellip;]<\/p>\n","protected":false},"author":2,"featured_media":339,"parent":0,"menu_order":0,"comment_status":"closed","ping_status":"closed","template":"page-templates\/full-width-page.php","meta":{"footnotes":""},"_links":{"self":[{"href":"https:\/\/bioinsumoslivingsoil.com\/index.php?rest_route=\/wp\/v2\/pages\/451"}],"collection":[{"href":"https:\/\/bioinsumoslivingsoil.com\/index.php?rest_route=\/wp\/v2\/pages"}],"about":[{"href":"https:\/\/bioinsumoslivingsoil.com\/index.php?rest_route=\/wp\/v2\/types\/page"}],"author":[{"embeddable":true,"href":"https:\/\/bioinsumoslivingsoil.com\/index.php?rest_route=\/wp\/v2\/users\/2"}],"replies":[{"embeddable":true,"href":"https:\/\/bioinsumoslivingsoil.com\/index.php?rest_route=%2Fwp%2Fv2%2Fcomments&post=451"}],"version-history":[{"count":3,"href":"https:\/\/bioinsumoslivingsoil.com\/index.php?rest_route=\/wp\/v2\/pages\/451\/revisions"}],"predecessor-version":[{"id":953,"href":"https:\/\/bioinsumoslivingsoil.com\/index.php?rest_route=\/wp\/v2\/pages\/451\/revisions\/953"}],"wp:featuredmedia":[{"embeddable":true,"href":"https:\/\/bioinsumoslivingsoil.com\/index.php?rest_route=\/wp\/v2\/media\/339"}],"wp:attachment":[{"href":"https:\/\/bioinsumoslivingsoil.com\/index.php?rest_route=%2Fwp%2Fv2%2Fmedia&parent=451"}],"curies":[{"name":"wp","href":"https:\/\/api.w.org\/{rel}","templated":true}]}}