{"id":448,"date":"2023-05-08T16:29:44","date_gmt":"2023-05-08T19:29:44","guid":{"rendered":"https:\/\/bioinsumoslivingsoil.com\/?page_id=448"},"modified":"2024-04-28T15:19:50","modified_gmt":"2024-04-28T18:19:50","slug":"pest-controller-2","status":"publish","type":"page","link":"https:\/\/bioinsumoslivingsoil.com\/?page_id=448","title":{"rendered":"Pest Controller"},"content":{"rendered":"<div data-colibri-id=\"448-c1\" class=\"style-849 style-local-448-c1 position-relative\">\n  <!---->\n  <div data-colibri-component=\"section\" data-colibri-id=\"448-c2\" id=\"initial-content\" class=\"h-section h-section-global-spacing d-flex align-items-lg-center align-items-md-center align-items-center style-850 style-local-448-c2 position-relative\">\n    <!---->\n    <!---->\n    <div class=\"h-section-grid-container h-section-boxed-container\">\n      <!---->\n      <div data-colibri-id=\"448-c3\" class=\"h-row-container gutters-row-lg-2 gutters-row-md-2 gutters-row-0 gutters-row-v-lg-2 gutters-row-v-md-2 gutters-row-v-2 style-851 style-local-448-c3 position-relative\">\n        <!---->\n        <div class=\"h-row justify-content-lg-center justify-content-md-center justify-content-center align-items-lg-stretch align-items-md-stretch align-items-stretch gutters-col-lg-2 gutters-col-md-2 gutters-col-0 gutters-col-v-lg-2 gutters-col-v-md-2 gutters-col-v-2\">\n          <!---->\n          <div class=\"h-column h-column-container d-flex h-col-lg-auto h-col-md-auto h-col-auto style-852-outer style-local-448-c4-outer\">\n            <div data-colibri-id=\"448-c4\" class=\"d-flex h-flex-basis h-column__inner h-px-lg-2 h-px-md-2 h-px-2 v-inner-lg-2 v-inner-md-2 v-inner-2 style-852 style-local-448-c4 position-relative\">\n              <!---->\n              <!---->\n              <div class=\"w-100 h-y-container h-column__content h-column__v-align flex-basis-100 align-self-lg-start align-self-md-start align-self-start\">\n                <!---->\n                <div data-colibri-id=\"448-c5\" class=\"style-853 style-local-448-c5 position-relative h-element\">\n                  <!---->\n                  <div>\n                    \n                    <div class=\"wp-block-media-text alignwide is-stacked-on-mobile\" style=\"grid-template-columns:37% auto\">\n                      <figure class=\"wp-block-media-text__media\">\n                        <img loading=\"lazy\" decoding=\"async\" width=\"1000\" height=\"700\" src=\"https:\/\/bioinsumoslivingsoil.com\/wp-content\/uploads\/2023\/05\/cropped-pest-controller.png\" alt=\"\" class=\"wp-image-329 size-full\" srcset=\"https:\/\/bioinsumoslivingsoil.com\/wp-content\/uploads\/2023\/05\/cropped-pest-controller.png 1000w, https:\/\/bioinsumoslivingsoil.com\/wp-content\/uploads\/2023\/05\/cropped-pest-controller-600x420.png 600w, https:\/\/bioinsumoslivingsoil.com\/wp-content\/uploads\/2023\/05\/cropped-pest-controller-300x210.png 300w, https:\/\/bioinsumoslivingsoil.com\/wp-content\/uploads\/2023\/05\/cropped-pest-controller-768x538.png 768w\" sizes=\"(max-width: 1000px) 100vw, 1000px\" \/>\n                      <\/figure>\n                      <div class=\"wp-block-media-text__content\">\n                        \n                        <p>&#8211; Producto 100% Org\u00e1nico: Jab\u00f3n Pot\u00e1sico con aceite de Neem..<\/p>\n                        \n\n                        \n                        <p>&#8211; \u201cPreventivo y controlador\u201d de plagas.<\/p>\n                        \n\n                        \n                        <p>&#8211; Insecticida y acaricida. Controlando desde Pulg\u00f3n, hasta Cochinilla, Trips, Mosca Blanca, y Ara\u00f1a Roja entre otrxs. Act\u00faa por contacto provocando asfixia de los insectos al ablandar su cut\u00edcula. Esto sin da\u00f1ar a insectos ben\u00e9ficos\n                          del jard\u00edn como las abejas.<\/p>\n                        \n\n                        \n                        <p>&#8211; No sist\u00e9mico: No entra en la planta y se degrada r\u00e1pidamente. Act\u00faa por asfixia.<\/p>\n                        \n\n                        \n                        <p>&#8211; Puede aplicarse en agricultura agroecol\u00f3gica sin perder la certificaci\u00f3n.<\/p>\n                        \n                      <\/div>\n                    <\/div>\n                    \n\n                    \n                    <p><\/p>\n                    \n\n                    \n                    <p>&#8211; Funciona como emulsionante para aplicar en conjunto con otros productos.<\/p>\n                    \n\n                    \n                    <ul>\n                      \n                      <li>Aplicaci\u00f3n:<\/li>\n                      \n                    <\/ul>\n                    \n\n                    \n                    <p>&#8211; Preventivo: Aplicar de manera foliar a partir de los 10 d\u00edas de nacimiento de la pl\u00e1ntula, aplicando cada 7 d\u00edas hasta la primera etapa del armado de frutos (Prefloraci\u00f3n). Dejar de aplicar cuando el fruto comienza a madurar.<\/p>\n                    \n\n                    \n                    <p>&#8211; Controlador: Aplicar de manera foliar a partir de los 7 d\u00edas de nacimiento de la pl\u00e1ntula, aplicando cada 4 d\u00edas. Dejar de aplicar cuando el fruto comienza a madurar.<\/p>\n                    \n\n                    \n                    <ul>\n                      \n                      <li>Dosis: 20 a 30 cc de Pest Controller por cada (1) Litro de agua.<\/li>\n                      \n                    <\/ul>\n                    \n\n                    \n                    <p>&#8211; Agitar bien antes de cada uso.<\/p>\n                    \n\n                    \n                    <ul>\n                      \n                      <li>Envases Disponibles:<\/li>\n                      \n                    <\/ul>\n                    \n\n                    \n                    <p>&#8211; 200 cc: 250-300 gr aprox.<\/p>\n                    \n\n                    \n                    <p>&#8211; 500 cc: 500-600 gr aprox.<\/p>\n                    \n                  <\/div>\n                <\/div>\n                <div data-colibri-id=\"448-c20\" class=\"h-x-container style-856 style-local-448-c20 position-relative h-element\">\n                  <!---->\n                  <div class=\"h-x-container-inner style-dynamic-448-c20-group style-856-spacing style-local-448-c20-spacing\"><span class=\"h-button__outer style-857-outer style-local-448-c21-outer d-inline-flex h-element\"><a h-use-smooth-scroll=\"true\" href=\"https:\/\/bioinsumoslivingsoil.com\/?post_type=product\"  data-colibri-id=\"448-c21\" class=\"d-flex w-100 align-items-center h-button justify-content-lg-center justify-content-md-center justify-content-center style-857 style-local-448-c21 position-relative\"><!----><!----> <span>Ver en la tienda<\/span><\/a>\n                    <\/span>\n                  <\/div>\n                <\/div>\n              <\/div>\n            <\/div>\n          <\/div>\n        <\/div>\n      <\/div>\n    <\/div>\n  <\/div>\n<\/div>","protected":false},"excerpt":{"rendered":"<p>&#8211; Producto 100% Org\u00e1nico: Jab\u00f3n Pot\u00e1sico con aceite de Neem.. &#8211; \u201cPreventivo y controlador\u201d de plagas. &#8211; Insecticida y acaricida. Controlando desde Pulg\u00f3n, hasta Cochinilla, Trips, Mosca Blanca, y Ara\u00f1a Roja entre otrxs. Act\u00faa por contacto provocando asfixia de los insectos al ablandar su cut\u00edcula. Esto sin da\u00f1ar a insectos ben\u00e9ficos del jard\u00edn como las [&hellip;]<\/p>\n","protected":false},"author":2,"featured_media":328,"parent":0,"menu_order":0,"comment_status":"closed","ping_status":"closed","template":"page-templates\/full-width-page.php","meta":{"footnotes":""},"_links":{"self":[{"href":"https:\/\/bioinsumoslivingsoil.com\/index.php?rest_route=\/wp\/v2\/pages\/448"}],"collection":[{"href":"https:\/\/bioinsumoslivingsoil.com\/index.php?rest_route=\/wp\/v2\/pages"}],"about":[{"href":"https:\/\/bioinsumoslivingsoil.com\/index.php?rest_route=\/wp\/v2\/types\/page"}],"author":[{"embeddable":true,"href":"https:\/\/bioinsumoslivingsoil.com\/index.php?rest_route=\/wp\/v2\/users\/2"}],"replies":[{"embeddable":true,"href":"https:\/\/bioinsumoslivingsoil.com\/index.php?rest_route=%2Fwp%2Fv2%2Fcomments&post=448"}],"version-history":[{"count":3,"href":"https:\/\/bioinsumoslivingsoil.com\/index.php?rest_route=\/wp\/v2\/pages\/448\/revisions"}],"predecessor-version":[{"id":1009,"href":"https:\/\/bioinsumoslivingsoil.com\/index.php?rest_route=\/wp\/v2\/pages\/448\/revisions\/1009"}],"wp:featuredmedia":[{"embeddable":true,"href":"https:\/\/bioinsumoslivingsoil.com\/index.php?rest_route=\/wp\/v2\/media\/328"}],"wp:attachment":[{"href":"https:\/\/bioinsumoslivingsoil.com\/index.php?rest_route=%2Fwp%2Fv2%2Fmedia&parent=448"}],"curies":[{"name":"wp","href":"https:\/\/api.w.org\/{rel}","templated":true}]}}