{"id":445,"date":"2023-05-08T16:27:58","date_gmt":"2023-05-08T19:27:58","guid":{"rendered":"https:\/\/bioinsumoslivingsoil.com\/?page_id=445"},"modified":"2024-04-28T15:12:41","modified_gmt":"2024-04-28T18:12:41","slug":"boost-friut-2","status":"publish","type":"page","link":"https:\/\/bioinsumoslivingsoil.com\/?page_id=445","title":{"rendered":"Boost Friut"},"content":{"rendered":"<div data-colibri-id=\"445-c1\" class=\"style-815 style-local-445-c1 position-relative\">\n  <!---->\n  <div data-colibri-component=\"section\" data-colibri-id=\"445-c2\" id=\"initial-content\" class=\"h-section h-section-global-spacing d-flex align-items-lg-center align-items-md-center align-items-center style-816 style-local-445-c2 position-relative\">\n    <!---->\n    <!---->\n    <div class=\"h-section-grid-container h-section-boxed-container\">\n      <!---->\n      <div data-colibri-id=\"445-c3\" class=\"h-row-container gutters-row-lg-2 gutters-row-md-2 gutters-row-0 gutters-row-v-lg-2 gutters-row-v-md-2 gutters-row-v-2 style-817 style-local-445-c3 position-relative\">\n        <!---->\n        <div class=\"h-row justify-content-lg-center justify-content-md-center justify-content-center align-items-lg-stretch align-items-md-stretch align-items-stretch gutters-col-lg-2 gutters-col-md-2 gutters-col-0 gutters-col-v-lg-2 gutters-col-v-md-2 gutters-col-v-2\">\n          <!---->\n          <div class=\"h-column h-column-container d-flex h-col-lg-auto h-col-md-auto h-col-auto style-818-outer style-local-445-c4-outer\">\n            <div data-colibri-id=\"445-c4\" class=\"d-flex h-flex-basis h-column__inner h-px-lg-2 h-px-md-2 h-px-2 v-inner-lg-2 v-inner-md-2 v-inner-2 style-818 style-local-445-c4 position-relative\">\n              <!---->\n              <!---->\n              <div class=\"w-100 h-y-container h-column__content h-column__v-align flex-basis-100 align-self-lg-start align-self-md-start align-self-start\">\n                <!---->\n                <div data-colibri-id=\"445-c5\" class=\"style-819 style-local-445-c5 position-relative h-element\">\n                  <!---->\n                  <div>\n                    \n                    <div class=\"wp-block-media-text alignwide is-stacked-on-mobile\" style=\"grid-template-columns:40% auto\">\n                      <figure class=\"wp-block-media-text__media\">\n                        <img loading=\"lazy\" decoding=\"async\" width=\"1000\" height=\"700\" src=\"https:\/\/bioinsumoslivingsoil.com\/wp-content\/uploads\/2023\/05\/cropped-boost-friut.png\" alt=\"\" class=\"wp-image-327 size-full\" srcset=\"https:\/\/bioinsumoslivingsoil.com\/wp-content\/uploads\/2023\/05\/cropped-boost-friut.png 1000w, https:\/\/bioinsumoslivingsoil.com\/wp-content\/uploads\/2023\/05\/cropped-boost-friut-600x420.png 600w, https:\/\/bioinsumoslivingsoil.com\/wp-content\/uploads\/2023\/05\/cropped-boost-friut-300x210.png 300w, https:\/\/bioinsumoslivingsoil.com\/wp-content\/uploads\/2023\/05\/cropped-boost-friut-768x538.png 768w\" sizes=\"(max-width: 1000px) 100vw, 1000px\" \/>\n                      <\/figure>\n                      <div class=\"wp-block-media-text__content\">\n                        \n                        <p>&#8211; Producto 100% Org\u00e1nico: Extracto h\u00famico rico en F\u00f3sforo (P) y Potasio (K), \u00c1cidos H\u00famicos , \u00c1cidos F\u00falvicos y Materia Org\u00e1nica. Enriquecido con Harinas de Roca y Fosfato de Calcio Soluble KNF (WS-CaPO).<\/p>\n                        \n\n                        \n                        <p>&#8211; Elaborado a partir de nuestro Lombricompost el cual es hidrolizado con Hidr\u00f3xido de Potasio con el objetivo de romper las mol\u00e9culas de Carbono permitiendo una mayor asimilaci\u00f3n de compuestos por parte de las plantas, aportando\n                          por otro lado tambi\u00e9n gran contenido de Potasio. Luego con la adici\u00f3n de Acido Fosf\u00f3rico y Fosfato de Calcio Soluble (WS-CaPO) logramos no solo equilibrar el PH del producto sino tambi\u00e9n aportar Fosforo directamente asimilable.\n                          El Fosfato de Calcio es obtenido de Huesos carbonizados que se solubilizan con vinagre (T\u00e9cnicas KNF). Finalmente es enriquecido con Harina de Rocas para aportar micronutrientes (Minerales) de gran importancia que realzan los\n                          terpenos y por ende el sabor\/olor de frutos\/flores. Todos los insumos utilizados son aprobados&nbsp;internacionalmente para producci\u00f3n de agricultura org\u00e1nica,&nbsp;ecol\u00f3gica y regenerativa.&nbsp;&nbsp;<\/p>\n                        \n                      <\/div>\n                    <\/div>\n                    \n\n                    \n                    <p><\/p>\n                    \n\n                    \n                    <p>&#8211; Contiene un componente balanceado de NPK promedio de 1\/2\/3 . Destinado a la etapa de floraci\u00f3n e incremento en el tama\u00f1o de frutos\/flores. Aumentando la producci\u00f3n final.<\/p>\n                    \n\n                    \n                    <p>&#8211; Amigable con el medio ambiente, garantizando una producci\u00f3n org\u00e1nica.&nbsp;<\/p>\n                    \n\n                    \n                    <p>&#8211; La relaci\u00f3n Fosforo\/Potasio (P\/K) es fundamental en la etapa de floraci\u00f3n donde se desea incrementar el tama\u00f1o de los frutos\/flores.<\/p>\n                    \n\n                    \n                    <p>&#8211; PH: 6-7<\/p>\n                    \n\n                    \n                    <ul>\n                      \n                      <li>Aplicaci\u00f3n:&nbsp;Se puede comenzar a aplicar 10 d\u00edas antes del comienzo de la floraci\u00f3n hasta 10 d\u00edas antes de cosechar. Aplicando 1 o 2 veces por semana en el riego (Sustrato) dependiendo del requerimiento nutricional del cultivo.&nbsp;<\/li>\n                      \n\n                      \n                      <li>Dosis: 5 a 10 cc por cada (1) litro de agua a utilizar.&nbsp;<\/li>\n                      \n                    <\/ul>\n                    \n\n                    \n                    <ul>\n                      \n                      <li>Envases Disponibles:&nbsp;<\/li>\n                      \n                    <\/ul>\n                    \n\n                    \n                    <p>&#8211; 200 cc: 250-300 gr aprox.<\/p>\n                    \n\n                    \n                    <p>&#8211; 500 cc: 500-600 gr aprox.<\/p>\n                    \n                  <\/div>\n                <\/div>\n                <div data-colibri-id=\"445-c6\" class=\"h-x-container style-820 style-local-445-c6 position-relative h-element\">\n                  <!---->\n                  <div class=\"h-x-container-inner style-dynamic-445-c6-group style-820-spacing style-local-445-c6-spacing\"><span class=\"h-button__outer style-821-outer style-local-445-c7-outer d-inline-flex h-element\"><a h-use-smooth-scroll=\"true\" href=\"https:\/\/bioinsumoslivingsoil.com\/?post_type=product\"  data-colibri-id=\"445-c7\" class=\"d-flex w-100 align-items-center h-button justify-content-lg-center justify-content-md-center justify-content-center style-821 style-local-445-c7 position-relative\"><!----><!----> <span>Ver en la tienda<\/span><\/a>\n                    <\/span>\n                  <\/div>\n                <\/div>\n              <\/div>\n            <\/div>\n          <\/div>\n        <\/div>\n      <\/div>\n    <\/div>\n  <\/div>\n<\/div>","protected":false},"excerpt":{"rendered":"<p>&#8211; Producto 100% Org\u00e1nico: Extracto h\u00famico rico en F\u00f3sforo (P) y Potasio (K), \u00c1cidos H\u00famicos , \u00c1cidos F\u00falvicos y Materia Org\u00e1nica. Enriquecido con Harinas de Roca y Fosfato de Calcio Soluble KNF (WS-CaPO). &#8211; Elaborado a partir de nuestro Lombricompost el cual es hidrolizado con Hidr\u00f3xido de Potasio con el objetivo de romper las mol\u00e9culas [&hellip;]<\/p>\n","protected":false},"author":2,"featured_media":327,"parent":0,"menu_order":0,"comment_status":"closed","ping_status":"closed","template":"page-templates\/full-width-page.php","meta":{"footnotes":""},"_links":{"self":[{"href":"https:\/\/bioinsumoslivingsoil.com\/index.php?rest_route=\/wp\/v2\/pages\/445"}],"collection":[{"href":"https:\/\/bioinsumoslivingsoil.com\/index.php?rest_route=\/wp\/v2\/pages"}],"about":[{"href":"https:\/\/bioinsumoslivingsoil.com\/index.php?rest_route=\/wp\/v2\/types\/page"}],"author":[{"embeddable":true,"href":"https:\/\/bioinsumoslivingsoil.com\/index.php?rest_route=\/wp\/v2\/users\/2"}],"replies":[{"embeddable":true,"href":"https:\/\/bioinsumoslivingsoil.com\/index.php?rest_route=%2Fwp%2Fv2%2Fcomments&post=445"}],"version-history":[{"count":3,"href":"https:\/\/bioinsumoslivingsoil.com\/index.php?rest_route=\/wp\/v2\/pages\/445\/revisions"}],"predecessor-version":[{"id":967,"href":"https:\/\/bioinsumoslivingsoil.com\/index.php?rest_route=\/wp\/v2\/pages\/445\/revisions\/967"}],"wp:featuredmedia":[{"embeddable":true,"href":"https:\/\/bioinsumoslivingsoil.com\/index.php?rest_route=\/wp\/v2\/media\/327"}],"wp:attachment":[{"href":"https:\/\/bioinsumoslivingsoil.com\/index.php?rest_route=%2Fwp%2Fv2%2Fmedia&parent=445"}],"curies":[{"name":"wp","href":"https:\/\/api.w.org\/{rel}","templated":true}]}}