{"id":442,"date":"2023-05-08T16:26:23","date_gmt":"2023-05-08T19:26:23","guid":{"rendered":"https:\/\/bioinsumoslivingsoil.com\/?page_id=442"},"modified":"2025-03-04T18:23:18","modified_gmt":"2025-03-04T21:23:18","slug":"sugar-living-soil-2","status":"publish","type":"page","link":"https:\/\/bioinsumoslivingsoil.com\/?page_id=442","title":{"rendered":"Sugar Living Soil"},"content":{"rendered":"<div data-colibri-id=\"442-c1\" class=\"style-842 style-local-442-c1 position-relative\">\n  <!----><\/p>\n<div data-colibri-component=\"section\" data-colibri-id=\"442-c2\" id=\"initial-content\" class=\"h-section h-section-global-spacing d-flex align-items-lg-center align-items-md-center align-items-center style-843 style-local-442-c2 position-relative\">\n    <!----><br \/>\n    <!----><\/p>\n<div class=\"h-section-grid-container h-section-boxed-container\">\n      <!----><\/p>\n<div data-colibri-id=\"442-c3\" class=\"h-row-container gutters-row-lg-2 gutters-row-md-2 gutters-row-0 gutters-row-v-lg-2 gutters-row-v-md-2 gutters-row-v-2 style-844 style-local-442-c3 position-relative\">\n        <!----><\/p>\n<div class=\"h-row justify-content-lg-center justify-content-md-center justify-content-center align-items-lg-stretch align-items-md-stretch align-items-stretch gutters-col-lg-2 gutters-col-md-2 gutters-col-0 gutters-col-v-lg-2 gutters-col-v-md-2 gutters-col-v-2\">\n          <!----><\/p>\n<div class=\"h-column h-column-container d-flex h-col-lg-auto h-col-md-auto h-col-auto style-845-outer style-local-442-c4-outer\">\n<div data-colibri-id=\"442-c4\" class=\"d-flex h-flex-basis h-column__inner h-px-lg-2 h-px-md-2 h-px-2 v-inner-lg-2 v-inner-md-2 v-inner-2 style-845 style-local-442-c4 position-relative\">\n              <!----><br \/>\n              <!----><\/p>\n<div class=\"w-100 h-y-container h-column__content h-column__v-align flex-basis-100 align-self-lg-start align-self-md-start align-self-start\">\n                <!----><\/p>\n<div data-colibri-id=\"442-c5\" class=\"style-846 style-local-442-c5 position-relative h-element\">\n                  <!----><\/p>\n<div>\n\n\n<div class=\"wp-block-media-text alignwide is-stacked-on-mobile\" style=\"grid-template-columns:37% auto\"><figure class=\"wp-block-media-text__media\"><img loading=\"lazy\" decoding=\"async\" width=\"1000\" height=\"700\" src=\"https:\/\/bioinsumoslivingsoil.com\/wp-content\/uploads\/2023\/05\/cropped-sugar-living-soil-1.png\" alt=\"\" class=\"wp-image-324 size-full\" srcset=\"https:\/\/bioinsumoslivingsoil.com\/wp-content\/uploads\/2023\/05\/cropped-sugar-living-soil-1.png 1000w, https:\/\/bioinsumoslivingsoil.com\/wp-content\/uploads\/2023\/05\/cropped-sugar-living-soil-1-600x420.png 600w, https:\/\/bioinsumoslivingsoil.com\/wp-content\/uploads\/2023\/05\/cropped-sugar-living-soil-1-300x210.png 300w, https:\/\/bioinsumoslivingsoil.com\/wp-content\/uploads\/2023\/05\/cropped-sugar-living-soil-1-768x538.png 768w\" sizes=\"(max-width: 1000px) 100vw, 1000px\" \/><\/figure><div class=\"wp-block-media-text__content\">\n<p>&#8211; Producto 100% Org\u00e1nico: <\/p>\n\n\n\n<p>Melaza de Ca\u00f1a deshidratada<br>con agregado de az\u00facar mascabo.<\/p>\n\n\n\n<p>&#8211; Enriquecida con microorganismos, es un digerido enzim\u00e1tico y de bacterias en Melaza. Presenta levadura, vitaminas y amino\u00e1cidos de alto espectro.<\/p>\n\n\n\n<p>Los amino\u00e1cidos mejoran la formaci\u00f3n de prote\u00ednas y las vitaminas son compuestos necesarios para el correcto funcionamiento en el metabolismo de las plantas.<\/p>\n\n\n\n<p>-Aumenta el tama\u00f1o del fruto e incrementa la producci\u00f3n de terpenos mejorando el aroma y sabor del producto final.<\/p>\n<\/div><\/div>\n\n\n\n<p><\/p>\n\n\n\n<p>&#8211; No sulfurada a diferencia de otras melazas del mercado.<\/p>\n\n\n\n<p>&#8211; Alimenta los microorganismos ben\u00e9ficos del sustrato, los cuales trabajan para una mejor asimilaci\u00f3n de los nutrientes en las plantas.<\/p>\n\n\n\n<p>&#8211; Compatible para producci\u00f3n bioinsumos\/enmiendas org\u00e1nicas al aumentar la actividad de los microorganismos acelerando los procesos en los mismos.&nbsp;<\/p>\n\n\n\n<p>&#8211; Macronutrientes: Nitr\u00f3geno (N) 13 gr\/L, Fosforo (P) 0.3 gr\/L, Potasio (K) 118 gr\/L.<\/p>\n\n\n\n<p>&#8211; Micronutrientes: Calcio (Ca) 13 gr\/L, Carbono (C) 125 gr\/L, y Hierro (Fe) 5 gr\/L.<\/p>\n\n\n\n<ul>\n<li>&nbsp;Aplicaci\u00f3n:<\/li>\n<\/ul>\n\n\n\n<p>Se puede comenzar a aplicar desde los 7 d\u00edas de nacimiento de la pl\u00e1ntula hasta incluso la \u00faltima semana de cosecha ya que es un producto 100% org\u00e1nico que cumple con todas las normas de bioseguridad para cultivos comestibles y\/o medicinales.\n                      Se recomienda aprovechar su uso en cada preparado de Work of Worms, Guano Mix, M.E.N. , Bokashi-MEN y Humus Tea. En caso de aplicar s\u00f3lo realizarlo una vez por semana.&nbsp;<\/p>\n\n\n\n<ul>\n<li>&nbsp;Dosis:<\/li>\n<\/ul>\n\n\n\n<p>&#8211; 2 a 4 cc de Sugar Living Soil por cada (1) Litro de agua.<\/p>\n\n\n\n<p>Agitar bien antes de usar.&nbsp;<\/p>\n\n\n\n<ul>\n<li>Envases Disponibles:&nbsp;<\/li>\n<\/ul>\n\n\n\n<p>&#8211; 200 cc : 350-400 gr aproximadamente&nbsp;<\/p>\n\n\n\n<p>&#8211; 500 cc : 700-800 gr aproximadamente<\/p>\n\n\n<\/div><\/div>\n<div data-colibri-id=\"442-c6\" class=\"h-x-container style-847 style-local-442-c6 position-relative h-element\">\n                  <!----><\/p>\n<div class=\"h-x-container-inner style-dynamic-442-c6-group style-847-spacing style-local-442-c6-spacing\"><span class=\"h-button__outer style-848-outer style-local-442-c7-outer d-inline-flex h-element\"><a h-use-smooth-scroll=\"true\" href=\"https:\/\/bioinsumoslivingsoil.com\/?post_type=product\"  data-colibri-id=\"442-c7\" class=\"d-flex w-100 align-items-center h-button justify-content-lg-center justify-content-md-center justify-content-center style-848 style-local-442-c7 position-relative\"><!----><!----> <span>Ver en la tienda<\/span><\/a><br \/>\n                    <\/span>\n                  <\/div>\n<\/p><\/div>\n<\/p><\/div>\n<\/p><\/div>\n<\/p><\/div>\n<\/p><\/div>\n<\/p><\/div>\n<\/p><\/div>\n<\/p><\/div>\n<\/div>","protected":false},"excerpt":{"rendered":"<p>&#8211; Producto 100% Org\u00e1nico: Melaza de Ca\u00f1a deshidratadacon agregado de az\u00facar mascabo. &#8211; Enriquecida con microorganismos, es un digerido enzim\u00e1tico y de bacterias en Melaza. Presenta levadura, vitaminas y amino\u00e1cidos de alto espectro. Los amino\u00e1cidos mejoran la formaci\u00f3n de prote\u00ednas y las vitaminas son compuestos necesarios para el correcto funcionamiento en el metabolismo de las [&hellip;]<\/p>\n","protected":false},"author":2,"featured_media":324,"parent":0,"menu_order":0,"comment_status":"closed","ping_status":"closed","template":"page-templates\/full-width-page.php","meta":{"footnotes":""},"_links":{"self":[{"href":"https:\/\/bioinsumoslivingsoil.com\/index.php?rest_route=\/wp\/v2\/pages\/442"}],"collection":[{"href":"https:\/\/bioinsumoslivingsoil.com\/index.php?rest_route=\/wp\/v2\/pages"}],"about":[{"href":"https:\/\/bioinsumoslivingsoil.com\/index.php?rest_route=\/wp\/v2\/types\/page"}],"author":[{"embeddable":true,"href":"https:\/\/bioinsumoslivingsoil.com\/index.php?rest_route=\/wp\/v2\/users\/2"}],"replies":[{"embeddable":true,"href":"https:\/\/bioinsumoslivingsoil.com\/index.php?rest_route=%2Fwp%2Fv2%2Fcomments&post=442"}],"version-history":[{"count":4,"href":"https:\/\/bioinsumoslivingsoil.com\/index.php?rest_route=\/wp\/v2\/pages\/442\/revisions"}],"predecessor-version":[{"id":1089,"href":"https:\/\/bioinsumoslivingsoil.com\/index.php?rest_route=\/wp\/v2\/pages\/442\/revisions\/1089"}],"wp:featuredmedia":[{"embeddable":true,"href":"https:\/\/bioinsumoslivingsoil.com\/index.php?rest_route=\/wp\/v2\/media\/324"}],"wp:attachment":[{"href":"https:\/\/bioinsumoslivingsoil.com\/index.php?rest_route=%2Fwp%2Fv2%2Fmedia&parent=442"}],"curies":[{"name":"wp","href":"https:\/\/api.w.org\/{rel}","templated":true}]}}