{"id":439,"date":"2023-05-08T16:24:11","date_gmt":"2023-05-08T19:24:11","guid":{"rendered":"https:\/\/bioinsumoslivingsoil.com\/?page_id=439"},"modified":"2024-04-28T15:17:04","modified_gmt":"2024-04-28T18:17:04","slug":"m-e-n","status":"publish","type":"page","link":"https:\/\/bioinsumoslivingsoil.com\/?page_id=439","title":{"rendered":"M.E.N."},"content":{"rendered":"<div data-colibri-id=\"439-c1\" class=\"style-574 style-local-439-c1 position-relative\">\n  <!---->\n  <div data-colibri-component=\"section\" data-colibri-id=\"439-c2\" id=\"initial-content\" class=\"h-section h-section-global-spacing d-flex align-items-lg-center align-items-md-center align-items-center style-575 style-local-439-c2 position-relative\">\n    <!---->\n    <!---->\n    <div class=\"h-separator\" style=\"height: 100px; bottom: calc(0px);\">\n      <svg style=\"fill:#00bf87;transform:rotateX(180deg);\" xmlns=\"http:\/\/www.w3.org\/2000\/svg\" viewBox=\"0 0 1000 100\" preserveAspectRatio=\"none\">\n        <g opacity=\"0.33\">\n          <path d=\"M385.42,52.92c-11.63,4.22-23.18,9-34.52,14.38-103.18,49-91.83-33.55-148.36-.49,50.13,17.35,121.87,64.84,270.46.49,11-4.7,64.52-25.43,118-41.8-4-.52-8.45-.95-13.41-1.28C507.83,41.64,455.4,71.84,385.42,52.92Z\" transform=\"translate(0 0)\" style=\"isolation:isolate\"><\/path>\n          <path d=\"M0,59.7S48.08,103,116.06,83.43C54.25,76.6,0,39.8,0,39.8Z\" transform=\"translate(0 0)\" style=\"isolation:isolate\"><\/path>\n          <path d=\"M916.4,48.1c-55.76,5.45-76.83,2-111.28-7.81-3.09,1.4-6.07,2.81-9,4.22,13.93,8.57,25.54,16.74,33.15,22.39,13,9.8,43,25.4,75.8,22.1S1000,59.7,1000,59.7V36.5s-6.87-4.5-21.48-9.06C966,36.56,946.56,45.15,916.4,48.1Z\" transform=\"translate(0 0)\" style=\"isolation:isolate\"><\/path>\n        <\/g>\n        <g opacity=\"0.66\">\n          <path d=\"M771.65,30.49,766.1,28.9c-55-15.81-99.84-18-138.66-13.76a368.79,368.79,0,0,0-49.81,9.08c5,.33,9.44.76,13.41,1.28a89.13,89.13,0,0,1,13.86,2.7C656.8,44.1,688.5,67.3,734,67.3c19.82,0,38-11.12,62.15-22.79,2.9-1.41,5.88-2.82,9-4.22C795.39,37.52,784.59,34.23,771.65,30.49Z\"\n            transform=\"translate(0 0)\"><\/path>\n          <path d=\"M371,48.4C242,1.8,242,5.4,184.8,20.6,128,35.8,132.3,44.9,89.9,52.5,28.6,63.7,0,0,0,0V39.8S54.25,76.6,116.06,83.43c28.46,3.15,58.53-.05,85.64-16.13l.84-.49c56.53-33.06,45.18,49.44,148.36.49,11.34-5.38,22.89-10.16,34.52-14.38Q378.34,51,371,48.4Z\"\n            transform=\"translate(0 0)\"><\/path>\n          <path d=\"M978.52,27.44C993.13,32,1000,36.5,1000,36.5V0S996.54,14.27,978.52,27.44Z\" transform=\"translate(0 0)\"><\/path>\n        <\/g>\n        <path d=\"M0,0S28.6,63.7,89.9,52.5c42.4-7.6,38.1-16.7,94.9-31.9C242,5.4,242,1.8,371,48.4q7.33,2.61,14.42,4.52c70,18.92,122.41-11.28,192.21-28.7a368.79,368.79,0,0,1,49.81-9.08c38.82-4.21,83.68-2.05,138.66,13.76l5.55,1.59c12.94,3.74,23.74,7,33.47,9.8,34.45,9.83,55.52,13.26,111.28,7.81,30.16-3,49.63-11.54,62.12-20.66C996.54,14.27,1000,0,1000,0Z\"\n          transform=\"translate(0 0)\"><\/path>\n      <\/svg>\n    <\/div>\n    <div class=\"h-section-grid-container h-section-boxed-container\">\n      <!---->\n      <div data-colibri-id=\"439-c3\" class=\"h-row-container gutters-row-lg-2 gutters-row-md-2 gutters-row-0 gutters-row-v-lg-2 gutters-row-v-md-2 gutters-row-v-2 style-579 style-local-439-c3 position-relative\">\n        <!---->\n        <div class=\"h-row justify-content-lg-center justify-content-md-center justify-content-center align-items-lg-stretch align-items-md-stretch align-items-stretch gutters-col-lg-2 gutters-col-md-2 gutters-col-0 gutters-col-v-lg-2 gutters-col-v-md-2 gutters-col-v-2\">\n          <!---->\n          <div class=\"h-column h-column-container d-flex h-col-lg-auto h-col-md-auto h-col-auto style-580-outer style-local-439-c4-outer\">\n            <div data-colibri-id=\"439-c4\" class=\"d-flex h-flex-basis h-column__inner h-px-lg-2 h-px-md-2 h-px-2 v-inner-lg-2 v-inner-md-2 v-inner-2 style-580 style-local-439-c4 position-relative\">\n              <!---->\n              <!---->\n              <div class=\"w-100 h-y-container h-column__content h-column__v-align flex-basis-100 align-self-lg-start align-self-md-start align-self-start\">\n                <!---->\n                <div data-colibri-id=\"439-c5\" class=\"d-block style-581 style-local-439-c5 position-relative h-element\">\n                  <!---->\n                  <div class=\"h-image__frame-container-outer\">\n                    <div class=\"h-image__frame-container\">\n                      <!---->\n                      <!---->\n                      <img loading=\"lazy\" decoding=\"async\" width=\"1000\" height=\"700\" src=\"https:\/\/bioinsumoslivingsoil.com\/wp-content\/uploads\/2023\/05\/cropped-MEN.png\" class=\"wp-image-314 style-581-image style-local-439-c5-image\" alt=\"\" srcset=\"https:\/\/bioinsumoslivingsoil.com\/wp-content\/uploads\/2023\/05\/cropped-MEN.png 1000w, https:\/\/bioinsumoslivingsoil.com\/wp-content\/uploads\/2023\/05\/cropped-MEN-600x420.png 600w, https:\/\/bioinsumoslivingsoil.com\/wp-content\/uploads\/2023\/05\/cropped-MEN-300x210.png 300w, https:\/\/bioinsumoslivingsoil.com\/wp-content\/uploads\/2023\/05\/cropped-MEN-768x538.png 768w\" sizes=\"(max-width: 1000px) 100vw, 1000px\" \/>\n                      <div class=\"h-image__frame h-hide-lg h-hide-md h-hide-sm style-581-frameImage style-local-439-c5-frameImage\"><\/div>\n                    <\/div>\n                  <\/div>\n                <\/div>\n              <\/div>\n            <\/div>\n          <\/div>\n          <div class=\"h-column h-column-container d-flex h-col-lg-auto h-col-md-auto h-col-auto style-582-outer style-local-439-c6-outer\">\n            <div data-colibri-id=\"439-c6\" class=\"d-flex h-flex-basis h-column__inner h-px-lg-2 h-px-md-2 h-px-2 v-inner-lg-2 v-inner-md-2 v-inner-2 style-582 style-local-439-c6 position-relative\">\n              <!---->\n              <!---->\n              <div class=\"w-100 h-y-container h-column__content h-column__v-align flex-basis-100 align-self-lg-start align-self-md-start align-self-start\">\n                <!---->\n                <div data-colibri-id=\"439-c7\" class=\"h-text h-text-component style-583 style-local-439-c7 position-relative h-element\">\n                  <!---->\n                  <!---->\n                  <div class=\"\">\n                    <p>&#8211; Producto 100% org\u00e1nico : Activaci\u00f3n l\u00edquida de nuestro consocio de Microorganismos Eficientes Nativos.<\/p>\n                    <p>&#8211; Fermentado en diferentes fases con el objetivo de ofrecer no solo Hongos sino tambi\u00e9n Bacterias y Levaduras.<\/p>\n                    <p>&#8211; Transforma la materia org\u00e1nica (Quelatando), liberando nutrientes directamente asimilable por las plantas.<\/p>\n                    <p>&#8211; Mantiene vigor y salud en las plantas ya que controla el desarrollo de hongos pat\u00f3genos como el Fusarium, O\u00eddio,etc.<\/p>\n                    <p>&#8211; En producci\u00f3n de enmiendas org\u00e1nicas acelera los procesos de descomposici\u00f3n de la materia como en el Compost, Lombricompost, Bokashi, etc. <\/p>\n                    <p>&#8211; Funciona como limpiador en la etapa final del cultivo para eliminar una posible acumulaci\u00f3n de sales en caso de utilizarlas.<\/p>\n                    <p>&#8211; Tambi\u00e9n funciona como PH Down (PH -) ya que su PH ronda entre 3 y 4. <\/p>\n                  <\/div>\n                <\/div>\n              <\/div>\n            <\/div>\n          <\/div>\n        <\/div>\n      <\/div>\n      <div data-colibri-id=\"439-c8\" class=\"h-row-container gutters-row-lg-2 gutters-row-md-2 gutters-row-0 gutters-row-v-lg-2 gutters-row-v-md-2 gutters-row-v-2 style-584 style-local-439-c8 position-relative\">\n        <!---->\n        <div class=\"h-row justify-content-lg-center justify-content-md-center justify-content-center align-items-lg-stretch align-items-md-stretch align-items-stretch gutters-col-lg-2 gutters-col-md-2 gutters-col-0 gutters-col-v-lg-2 gutters-col-v-md-2 gutters-col-v-2\">\n          <!---->\n          <div class=\"h-column h-column-container d-flex h-col-lg-auto h-col-md-auto h-col-auto style-585-outer style-local-439-c9-outer\">\n            <div data-colibri-id=\"439-c9\" class=\"d-flex h-flex-basis h-column__inner h-px-lg-2 h-px-md-2 h-px-2 v-inner-lg-2 v-inner-md-2 v-inner-2 style-585 style-local-439-c9 position-relative\">\n              <!---->\n              <!---->\n              <div class=\"w-100 h-y-container h-column__content h-column__v-align flex-basis-100 align-self-lg-start align-self-md-start align-self-start\">\n                <!---->\n                <div data-colibri-id=\"439-c10\" class=\"h-text h-text-component style-586 style-local-439-c10 position-relative h-element\">\n                  <!---->\n                  <!---->\n                  <div class=\"\">\n                    <p>Aplicaci\u00f3n:<\/p>\n                    <p>&#8211; Comenzar aplicaci\u00f3n a partir de los 10 d\u00edas de nacimiento de la pl\u00e1ntula, aplicando cada 10 d\u00edas. <\/p>\n                    <p>&#8211; Puede aplicarse en el sustrato hasta el final de la cosecha y foliar hasta prefloraci\u00f3n (Comienzo de armado de frutos\/flores).<\/p>\n                    <p>Dosis:<\/p>\n                    <p>&#8211; 20 a 30 cc de M.E.N. por cada (1) litro de preparado. Se recomienda agregar 2 a 4 cc de Sugar Living Soil por cada litro de preparado y utilizar agua sin cloro.<\/p>\n                    <p>&#8211; Agitar antes de cada uso.<\/p>\n                    <p>\n                      <br>\n                    <\/p>\n                    <p>Envases Disponibles: <\/p>\n                    <p>&#8211; 200 cc: 250-300 gr aprox.<\/p>\n                    <p>&#8211; 500 cc: 500-600 gr aprox.<\/p>\n                  <\/div>\n                <\/div>\n                <div data-colibri-id=\"439-c11\" class=\"h-x-container style-840 style-local-439-c11 position-relative h-element\">\n                  <!---->\n                  <div class=\"h-x-container-inner style-dynamic-439-c11-group style-840-spacing style-local-439-c11-spacing\"><span class=\"h-button__outer style-841-outer style-local-439-c12-outer d-inline-flex h-element\"><a h-use-smooth-scroll=\"true\" href=\"https:\/\/bioinsumoslivingsoil.com\/?post_type=product\"  data-colibri-id=\"439-c12\" class=\"d-flex w-100 align-items-center h-button justify-content-lg-center justify-content-md-center justify-content-center style-841 style-local-439-c12 position-relative\"><!----><!----> <span>Ver en la tienda<\/span><\/a>\n                    <\/span>\n                  <\/div>\n                <\/div>\n              <\/div>\n            <\/div>\n          <\/div>\n        <\/div>\n      <\/div>\n    <\/div>\n  <\/div>\n<\/div>","protected":false},"excerpt":{"rendered":"<p>&#8211; Producto 100% org\u00e1nico : Activaci\u00f3n l\u00edquida de nuestro consocio de Microorganismos Eficientes Nativos. &#8211; Fermentado en diferentes fases con el objetivo de ofrecer no solo Hongos sino tambi\u00e9n Bacterias y Levaduras. &#8211; Transforma la materia org\u00e1nica (Quelatando), liberando nutrientes directamente asimilable por las plantas. &#8211; Mantiene vigor y salud en las plantas ya que [&hellip;]<\/p>\n","protected":false},"author":2,"featured_media":314,"parent":0,"menu_order":0,"comment_status":"closed","ping_status":"closed","template":"page-templates\/full-width-page.php","meta":{"footnotes":""},"_links":{"self":[{"href":"https:\/\/bioinsumoslivingsoil.com\/index.php?rest_route=\/wp\/v2\/pages\/439"}],"collection":[{"href":"https:\/\/bioinsumoslivingsoil.com\/index.php?rest_route=\/wp\/v2\/pages"}],"about":[{"href":"https:\/\/bioinsumoslivingsoil.com\/index.php?rest_route=\/wp\/v2\/types\/page"}],"author":[{"embeddable":true,"href":"https:\/\/bioinsumoslivingsoil.com\/index.php?rest_route=\/wp\/v2\/users\/2"}],"replies":[{"embeddable":true,"href":"https:\/\/bioinsumoslivingsoil.com\/index.php?rest_route=%2Fwp%2Fv2%2Fcomments&post=439"}],"version-history":[{"count":12,"href":"https:\/\/bioinsumoslivingsoil.com\/index.php?rest_route=\/wp\/v2\/pages\/439\/revisions"}],"predecessor-version":[{"id":995,"href":"https:\/\/bioinsumoslivingsoil.com\/index.php?rest_route=\/wp\/v2\/pages\/439\/revisions\/995"}],"wp:featuredmedia":[{"embeddable":true,"href":"https:\/\/bioinsumoslivingsoil.com\/index.php?rest_route=\/wp\/v2\/media\/314"}],"wp:attachment":[{"href":"https:\/\/bioinsumoslivingsoil.com\/index.php?rest_route=%2Fwp%2Fv2%2Fmedia&parent=439"}],"curies":[{"name":"wp","href":"https:\/\/api.w.org\/{rel}","templated":true}]}}