{"id":436,"date":"2023-05-08T16:21:51","date_gmt":"2023-05-08T19:21:51","guid":{"rendered":"https:\/\/bioinsumoslivingsoil.com\/?page_id=436"},"modified":"2024-04-28T15:13:49","modified_gmt":"2024-04-28T18:13:49","slug":"guano-mix-2","status":"publish","type":"page","link":"https:\/\/bioinsumoslivingsoil.com\/?page_id=436","title":{"rendered":"Guano Mix"},"content":{"rendered":"<div data-colibri-id=\"436-c1\" class=\"style-564 style-local-436-c1 position-relative\">\n  <!---->\n  <div data-colibri-component=\"section\" data-colibri-id=\"436-c2\" id=\"initial-content\" class=\"h-section h-section-global-spacing d-flex align-items-lg-center align-items-md-center align-items-center style-565 style-local-436-c2 position-relative\">\n    <!---->\n    <!---->\n    <div class=\"h-separator\" style=\"height: 100px; bottom: calc(0px);\">\n      <svg style=\"fill:#00bf87;transform:rotateX(180deg);\" xmlns=\"http:\/\/www.w3.org\/2000\/svg\" viewBox=\"0 0 1000 100\" preserveAspectRatio=\"none\">\n        <g opacity=\"0.33\">\n          <path d=\"M385.42,52.92c-11.63,4.22-23.18,9-34.52,14.38-103.18,49-91.83-33.55-148.36-.49,50.13,17.35,121.87,64.84,270.46.49,11-4.7,64.52-25.43,118-41.8-4-.52-8.45-.95-13.41-1.28C507.83,41.64,455.4,71.84,385.42,52.92Z\" transform=\"translate(0 0)\" style=\"isolation:isolate\"><\/path>\n          <path d=\"M0,59.7S48.08,103,116.06,83.43C54.25,76.6,0,39.8,0,39.8Z\" transform=\"translate(0 0)\" style=\"isolation:isolate\"><\/path>\n          <path d=\"M916.4,48.1c-55.76,5.45-76.83,2-111.28-7.81-3.09,1.4-6.07,2.81-9,4.22,13.93,8.57,25.54,16.74,33.15,22.39,13,9.8,43,25.4,75.8,22.1S1000,59.7,1000,59.7V36.5s-6.87-4.5-21.48-9.06C966,36.56,946.56,45.15,916.4,48.1Z\" transform=\"translate(0 0)\" style=\"isolation:isolate\"><\/path>\n        <\/g>\n        <g opacity=\"0.66\">\n          <path d=\"M771.65,30.49,766.1,28.9c-55-15.81-99.84-18-138.66-13.76a368.79,368.79,0,0,0-49.81,9.08c5,.33,9.44.76,13.41,1.28a89.13,89.13,0,0,1,13.86,2.7C656.8,44.1,688.5,67.3,734,67.3c19.82,0,38-11.12,62.15-22.79,2.9-1.41,5.88-2.82,9-4.22C795.39,37.52,784.59,34.23,771.65,30.49Z\"\n            transform=\"translate(0 0)\"><\/path>\n          <path d=\"M371,48.4C242,1.8,242,5.4,184.8,20.6,128,35.8,132.3,44.9,89.9,52.5,28.6,63.7,0,0,0,0V39.8S54.25,76.6,116.06,83.43c28.46,3.15,58.53-.05,85.64-16.13l.84-.49c56.53-33.06,45.18,49.44,148.36.49,11.34-5.38,22.89-10.16,34.52-14.38Q378.34,51,371,48.4Z\"\n            transform=\"translate(0 0)\"><\/path>\n          <path d=\"M978.52,27.44C993.13,32,1000,36.5,1000,36.5V0S996.54,14.27,978.52,27.44Z\" transform=\"translate(0 0)\"><\/path>\n        <\/g>\n        <path d=\"M0,0S28.6,63.7,89.9,52.5c42.4-7.6,38.1-16.7,94.9-31.9C242,5.4,242,1.8,371,48.4q7.33,2.61,14.42,4.52c70,18.92,122.41-11.28,192.21-28.7a368.79,368.79,0,0,1,49.81-9.08c38.82-4.21,83.68-2.05,138.66,13.76l5.55,1.59c12.94,3.74,23.74,7,33.47,9.8,34.45,9.83,55.52,13.26,111.28,7.81,30.16-3,49.63-11.54,62.12-20.66C996.54,14.27,1000,0,1000,0Z\"\n          transform=\"translate(0 0)\"><\/path>\n      <\/svg>\n    <\/div>\n    <div class=\"h-section-grid-container h-section-boxed-container\">\n      <!---->\n      <div data-colibri-id=\"436-c3\" class=\"h-row-container gutters-row-lg-2 gutters-row-md-2 gutters-row-0 gutters-row-v-lg-2 gutters-row-v-md-2 gutters-row-v-2 style-566 style-local-436-c3 position-relative\">\n        <!---->\n        <div class=\"h-row justify-content-lg-center justify-content-md-center justify-content-center align-items-lg-stretch align-items-md-stretch align-items-stretch gutters-col-lg-2 gutters-col-md-2 gutters-col-0 gutters-col-v-lg-2 gutters-col-v-md-2 gutters-col-v-2\">\n          <!---->\n          <div class=\"h-column h-column-container d-flex h-col-lg-auto h-col-md-auto h-col-auto style-567-outer style-local-436-c4-outer\">\n            <div data-colibri-id=\"436-c4\" class=\"d-flex h-flex-basis h-column__inner h-px-lg-2 h-px-md-2 h-px-2 v-inner-lg-2 v-inner-md-2 v-inner-2 style-567 style-local-436-c4 position-relative\">\n              <!---->\n              <!---->\n              <div class=\"w-100 h-y-container h-column__content h-column__v-align flex-basis-100 align-self-lg-start align-self-md-start align-self-start\">\n                <!---->\n                <div data-colibri-id=\"436-c5\" class=\"style-568 style-local-436-c5 position-relative h-element\">\n                  <!---->\n                  <div>\n                    \n                    <div class=\"wp-block-media-text alignwide is-stacked-on-mobile\" style=\"grid-template-columns:40% auto\">\n                      <figure class=\"wp-block-media-text__media\">\n                        <img loading=\"lazy\" decoding=\"async\" width=\"1000\" height=\"700\" src=\"https:\/\/bioinsumoslivingsoil.com\/wp-content\/uploads\/2023\/05\/cropped-guano-mix-1.png\" alt=\"\" class=\"wp-image-312 size-full\" srcset=\"https:\/\/bioinsumoslivingsoil.com\/wp-content\/uploads\/2023\/05\/cropped-guano-mix-1.png 1000w, https:\/\/bioinsumoslivingsoil.com\/wp-content\/uploads\/2023\/05\/cropped-guano-mix-1-600x420.png 600w, https:\/\/bioinsumoslivingsoil.com\/wp-content\/uploads\/2023\/05\/cropped-guano-mix-1-300x210.png 300w, https:\/\/bioinsumoslivingsoil.com\/wp-content\/uploads\/2023\/05\/cropped-guano-mix-1-768x538.png 768w\" sizes=\"(max-width: 1000px) 100vw, 1000px\" \/>\n                      <\/figure>\n                      <div class=\"wp-block-media-text__content\">\n                        \n                        <p>Producto 100% Org\u00e1nico: Bi\u00f3l elaborado a partir de distintos tipos de guanos (Caprinaza, Conejaza, Bovinaza y Equinaza principalmente) previamente compostados con t\u00e9cnica Bokashi, Harinas de Rocas (Dolomita, Saponita Volc\u00e1nica,\n                          Basalto y Diatomeas), Cenizas, Extracto de Aloe Vera (FJP), y Sal Marina. Luego es inoculado con M.E.N. (Microorganismos Eficientes Nativos), LAB (Bacterias Acido L\u00e1cticas), Vinagre Natural y cultivos de Levaduras Madres.<\/p>\n                        \n\n                        \n                        <p>Todo ello es fermentado de manera anaer\u00f3bica en sistema cerrado que permite la salida del Di\u00f3xido de Carbono sin ingreso de Oxigeno. Produciendo un bioestimulante de primera calidad para todas las etapas de cultivo.&nbsp;<\/p>\n                        \n                      <\/div>\n                    <\/div>\n                    \n\n                    \n                    <p><\/p>\n                    \n\n                    \n                    <p>&#8211; Bioestimulante inoculador de microorganismos ben\u00e9ficos que contiene un componente balanceado de nutrientes.<\/p>\n                    \n\n                    \n                    <p>&#8211; Presenta materia org\u00e1nica, microorganismos ben\u00e9ficos y minerales.<\/p>\n                    \n\n                    \n                    <p>&#8211; Regula y mejora los procesos fisiol\u00f3gicos de los cultivos, logrando mayor eficiencia. Facilitando la asimilaci\u00f3n, el paso y uso de los nutrientes.<\/p>\n                    \n\n                    \n                    <p><strong>&#8211;<\/strong> Regenera la poblaci\u00f3n de microorganismos beneficiosos que viven en el suelo.<\/p>\n                    \n\n                    \n                    <p>&#8211; Aporta tanto macronutrientes como micronutrientes (Minerales) directamente asimilable para las plantas gracias al trabajo de los M.E.N. que permiten la quelaci\u00f3n de cada uno de los componentes , dejando todos los nutrientes biodisponibles\n                      en el medio.<\/p>\n                    \n\n                    \n                    <ul>\n                      \n                      <li>Aplicaci\u00f3n<\/li>\n                      \n                    <\/ul>\n                    \n\n                    \n                    <p>&#8211; Comenzar aplicaci\u00f3n a partir de los 10 d\u00edas de nacimiento de la pl\u00e1ntula, aplicando cada 7 d\u00edas dependiendo del requerimiento nutricional del cultivo.&nbsp;<\/p>\n                    \n\n                    \n                    <p>&#8211; Foliar: Aplicar de manera foliar\/pulverizado hasta el comienzo de armado de los frutos (Prefloraci\u00f3n).&nbsp;<\/p>\n                    \n\n                    \n                    <p>&#8211; Riego: Se puede aplicar desde los 10 d\u00edas de nacimiento de la pl\u00e1ntula hasta 10 d\u00edas antes de cosechar sin necesidad de realizar lavado de ra\u00edces.<\/p>\n                    \n\n                    \n                    <ul>\n                      \n                      <li>Dosis<\/li>\n                      \n                    <\/ul>\n                    \n\n                    \n                    <p>&#8211; 10 a 20 cc de Guano Mix por cada (1) Litro de preparado. Se recomienda utilizar agua sin cloro y agregar 2 a 4 cc de Sugar Living Soil por cada (1) Litro de preparado.&nbsp;<\/p>\n                    \n\n                    \n                    <p>Se puede optar por dejar reposar el preparado mas de 12 hs sin exposici\u00f3n directa de la luz, con aireador y\/o bomba de agua que permita oxigenar el preparado.<\/p>\n                    \n\n                    \n                    <p>&#8211; Agitar bien antes de usar.<\/p>\n                    \n\n                    \n                    <ul>\n                      \n                      <li>Envases Disponibles:&nbsp;<\/li>\n                      \n                    <\/ul>\n                    \n\n                    \n                    <p>&#8211; 200 cc: 250-300 gr aprox.<\/p>\n                    \n\n                    \n                    <p>&#8211; 500 cc: 500-600 gr aprox.<\/p>\n                    \n                  <\/div>\n                <\/div>\n                <div data-colibri-id=\"436-c6\" class=\"h-x-container style-822 style-local-436-c6 position-relative h-element\">\n                  <!---->\n                  <div class=\"h-x-container-inner style-dynamic-436-c6-group style-822-spacing style-local-436-c6-spacing\"><span class=\"h-button__outer style-823-outer style-local-436-c7-outer d-inline-flex h-element\"><a h-use-smooth-scroll=\"true\" href=\"https:\/\/bioinsumoslivingsoil.com\/?post_type=product\"  data-colibri-id=\"436-c7\" class=\"d-flex w-100 align-items-center h-button justify-content-lg-center justify-content-md-center justify-content-center style-823 style-local-436-c7 position-relative\"><!----><!----> <span>Ver en la tienda<\/span><\/a>\n                    <\/span>\n                  <\/div>\n                <\/div>\n              <\/div>\n            <\/div>\n          <\/div>\n        <\/div>\n      <\/div>\n    <\/div>\n  <\/div>\n<\/div>","protected":false},"excerpt":{"rendered":"<p>Producto 100% Org\u00e1nico: Bi\u00f3l elaborado a partir de distintos tipos de guanos (Caprinaza, Conejaza, Bovinaza y Equinaza principalmente) previamente compostados con t\u00e9cnica Bokashi, Harinas de Rocas (Dolomita, Saponita Volc\u00e1nica, Basalto y Diatomeas), Cenizas, Extracto de Aloe Vera (FJP), y Sal Marina. Luego es inoculado con M.E.N. (Microorganismos Eficientes Nativos), LAB (Bacterias Acido L\u00e1cticas), Vinagre Natural [&hellip;]<\/p>\n","protected":false},"author":2,"featured_media":312,"parent":0,"menu_order":0,"comment_status":"closed","ping_status":"closed","template":"page-templates\/full-width-page.php","meta":{"footnotes":""},"_links":{"self":[{"href":"https:\/\/bioinsumoslivingsoil.com\/index.php?rest_route=\/wp\/v2\/pages\/436"}],"collection":[{"href":"https:\/\/bioinsumoslivingsoil.com\/index.php?rest_route=\/wp\/v2\/pages"}],"about":[{"href":"https:\/\/bioinsumoslivingsoil.com\/index.php?rest_route=\/wp\/v2\/types\/page"}],"author":[{"embeddable":true,"href":"https:\/\/bioinsumoslivingsoil.com\/index.php?rest_route=\/wp\/v2\/users\/2"}],"replies":[{"embeddable":true,"href":"https:\/\/bioinsumoslivingsoil.com\/index.php?rest_route=%2Fwp%2Fv2%2Fcomments&post=436"}],"version-history":[{"count":4,"href":"https:\/\/bioinsumoslivingsoil.com\/index.php?rest_route=\/wp\/v2\/pages\/436\/revisions"}],"predecessor-version":[{"id":974,"href":"https:\/\/bioinsumoslivingsoil.com\/index.php?rest_route=\/wp\/v2\/pages\/436\/revisions\/974"}],"wp:featuredmedia":[{"embeddable":true,"href":"https:\/\/bioinsumoslivingsoil.com\/index.php?rest_route=\/wp\/v2\/media\/312"}],"wp:attachment":[{"href":"https:\/\/bioinsumoslivingsoil.com\/index.php?rest_route=%2Fwp%2Fv2%2Fmedia&parent=436"}],"curies":[{"name":"wp","href":"https:\/\/api.w.org\/{rel}","templated":true}]}}