{"id":258,"date":"2023-05-02T16:35:03","date_gmt":"2023-05-02T19:35:03","guid":{"rendered":"https:\/\/bioinsumoslivingsoil.com\/?page_id=258"},"modified":"2023-05-08T19:20:11","modified_gmt":"2023-05-08T22:20:11","slug":"distribuidores-oficiales","status":"publish","type":"page","link":"https:\/\/bioinsumoslivingsoil.com\/?page_id=258","title":{"rendered":"Distribuidores Oficiales"},"content":{"rendered":"<div data-colibri-id=\"258-c1\" class=\"style-355 style-local-258-c1 position-relative\">\n  <!---->\n  <div data-colibri-component=\"section\" data-colibri-id=\"258-c2\" id=\"custom\" class=\"h-section h-section-global-spacing d-flex align-items-lg-center align-items-md-center align-items-center style-356 style-local-258-c2 position-relative\">\n    <!---->\n    <!---->\n    <div class=\"h-separator\" style=\"height: 100px; bottom: calc(0px);\">\n      <svg style=\"fill:#00bf87;transform:rotateX(180deg);\" xmlns=\"http:\/\/www.w3.org\/2000\/svg\" viewBox=\"0 0 1000 100\" preserveAspectRatio=\"none\">\n        <g opacity=\"0.33\">\n          <path d=\"M385.42,52.92c-11.63,4.22-23.18,9-34.52,14.38-103.18,49-91.83-33.55-148.36-.49,50.13,17.35,121.87,64.84,270.46.49,11-4.7,64.52-25.43,118-41.8-4-.52-8.45-.95-13.41-1.28C507.83,41.64,455.4,71.84,385.42,52.92Z\" transform=\"translate(0 0)\" style=\"isolation:isolate\"><\/path>\n          <path d=\"M0,59.7S48.08,103,116.06,83.43C54.25,76.6,0,39.8,0,39.8Z\" transform=\"translate(0 0)\" style=\"isolation:isolate\"><\/path>\n          <path d=\"M916.4,48.1c-55.76,5.45-76.83,2-111.28-7.81-3.09,1.4-6.07,2.81-9,4.22,13.93,8.57,25.54,16.74,33.15,22.39,13,9.8,43,25.4,75.8,22.1S1000,59.7,1000,59.7V36.5s-6.87-4.5-21.48-9.06C966,36.56,946.56,45.15,916.4,48.1Z\" transform=\"translate(0 0)\" style=\"isolation:isolate\"><\/path>\n        <\/g>\n        <g opacity=\"0.66\">\n          <path d=\"M771.65,30.49,766.1,28.9c-55-15.81-99.84-18-138.66-13.76a368.79,368.79,0,0,0-49.81,9.08c5,.33,9.44.76,13.41,1.28a89.13,89.13,0,0,1,13.86,2.7C656.8,44.1,688.5,67.3,734,67.3c19.82,0,38-11.12,62.15-22.79,2.9-1.41,5.88-2.82,9-4.22C795.39,37.52,784.59,34.23,771.65,30.49Z\"\n            transform=\"translate(0 0)\"><\/path>\n          <path d=\"M371,48.4C242,1.8,242,5.4,184.8,20.6,128,35.8,132.3,44.9,89.9,52.5,28.6,63.7,0,0,0,0V39.8S54.25,76.6,116.06,83.43c28.46,3.15,58.53-.05,85.64-16.13l.84-.49c56.53-33.06,45.18,49.44,148.36.49,11.34-5.38,22.89-10.16,34.52-14.38Q378.34,51,371,48.4Z\"\n            transform=\"translate(0 0)\"><\/path>\n          <path d=\"M978.52,27.44C993.13,32,1000,36.5,1000,36.5V0S996.54,14.27,978.52,27.44Z\" transform=\"translate(0 0)\"><\/path>\n        <\/g>\n        <path d=\"M0,0S28.6,63.7,89.9,52.5c42.4-7.6,38.1-16.7,94.9-31.9C242,5.4,242,1.8,371,48.4q7.33,2.61,14.42,4.52c70,18.92,122.41-11.28,192.21-28.7a368.79,368.79,0,0,1,49.81-9.08c38.82-4.21,83.68-2.05,138.66,13.76l5.55,1.59c12.94,3.74,23.74,7,33.47,9.8,34.45,9.83,55.52,13.26,111.28,7.81,30.16-3,49.63-11.54,62.12-20.66C996.54,14.27,1000,0,1000,0Z\"\n          transform=\"translate(0 0)\"><\/path>\n      <\/svg>\n    <\/div>\n    <div class=\"h-section-grid-container h-section-boxed-container\">\n      <!---->\n      <div data-colibri-id=\"258-c3\" class=\"h-row-container gutters-row-lg-2 gutters-row-md-2 gutters-row-0 gutters-row-v-lg-2 gutters-row-v-md-2 gutters-row-v-2 style-357 style-local-258-c3 position-relative\">\n        <!---->\n        <div class=\"h-row justify-content-lg-center justify-content-md-center justify-content-center align-items-lg-stretch align-items-md-stretch align-items-stretch gutters-col-lg-2 gutters-col-md-2 gutters-col-0 gutters-col-v-lg-2 gutters-col-v-md-2 gutters-col-v-2\">\n          <!---->\n          <div class=\"h-column h-column-container d-flex h-col-lg-auto h-col-md-auto h-col-auto style-358-outer style-local-258-c4-outer\">\n            <div data-colibri-id=\"258-c4\" class=\"d-flex h-flex-basis h-column__inner h-px-lg-2 h-px-md-2 h-px-2 v-inner-lg-2 v-inner-md-2 v-inner-2 style-358 style-local-258-c4 position-relative\">\n              <!---->\n              <!---->\n              <div class=\"w-100 h-y-container h-column__content h-column__v-align flex-basis-100 align-self-lg-start align-self-md-start align-self-start\">\n                <!---->\n                <div data-colibri-id=\"258-c5\" class=\"h-text h-text-component style-359 style-local-258-c5 position-relative h-element\">\n                  <!---->\n                  <!---->\n                  <div class=\"\">\n                    <p><span style=\"font-weight: 400; color: rgb(33, 33, 33); font-family: &quot;Open Sans&quot;; font-size: 30pt;\">Buenos Aires<\/span><\/p>\n                    <p>\n                      <br>\n                    <\/p>\n                    <p><span style=\"font-weight: 400; color: rgb(33, 33, 33); font-family: &quot;Open Sans&quot;; font-size: 15pt;\">Distribuidora GSG (Grow Sweet Grow)<\/span><\/p>\n                    <p>\n                      <a href=\"https:\/\/instagram.com\/gsg.distri?igshid=YmMyMTA2M2Y\" style=\"font-weight: 400; color: rgb(0, 101, 128); font-family: &quot;Open Sans&quot;; font-size: 11pt;\" class=\"customize-unpreviewable\" draggable=\"false\">&#8211;&nbsp;Instagram (Click aqu\u00ed)<\/a>\n                    <\/p>\n                    <p><span style=\"font-weight: 400; color: rgb(33, 33, 33); font-family: &quot;Open Sans&quot;; font-size: 11pt;\">&#8211; <\/span>\n                      <a href=\"https:\/\/api.whatsapp.com\/send?phone=541168635001&amp;text=undefined&amp;type=phone_number&amp;app_absent=0\"\n                        style=\"font-weight: 400; color: rgb(0, 101, 128); font-family: &quot;Open Sans&quot;; font-size: 11pt;\" class=\"customize-unpreviewable\" draggable=\"false\">Whatsapp (Click Aqu\u00ed)<\/a>\n                    <\/p>\n                    <p>\n                      <a href=\"https:\/\/www.gsg.com.ar\" style=\"font-weight: 400; color: rgb(0, 101, 128); font-family: &quot;Open Sans&quot;; font-size: 11pt;\" class=\"customize-unpreviewable\" draggable=\"false\">https:\/\/www.gsg.com.ar\/<\/a>\n                    <\/p>\n                    <p>\n                      <br>\n                    <\/p>\n                    <p><span style=\"font-weight: 400; color: rgb(33, 33, 33); font-family: &quot;Open Sans&quot;; font-size: 15pt;\">ArteSano Grow<\/span><\/p>\n                    <p>\n                      <a href=\"https:\/\/www.instagram.com\/artesano.grow\" style=\"font-weight: 400; color: rgb(0, 101, 128); font-family: &quot;Open Sans&quot;; font-size: 11pt;\" class=\"customize-unpreviewable\" draggable=\"false\">&#8211; Instagram @artesano.grow<\/a>\n                    <\/p>\n                    <p><span style=\"font-weight: 400; color: rgb(38, 38, 38); font-family: &quot;Open Sans&quot;; font-size: 11pt;\">&#8211; Av. Alvarez Jonte 5169<\/span><\/p>\n                    <p>\n                      <br>\n                    <\/p>\n                    <p><span style=\"font-weight: 400; color: rgb(0, 0, 0); font-family: &quot;Open Sans&quot;; font-size: 30pt;\">La Rioja (Capital)<\/span><\/p>\n                    <p>\n                      <br>\n                    <\/p>\n                    <p><span style=\"font-weight: 400; color: rgb(0, 0, 0); font-family: &quot;Open Sans&quot;; font-size: 15pt;\">Chamigrow<\/span><\/p>\n                    <p><span style=\"font-weight: 400; color: rgb(0, 0, 0); font-family: &quot;Open Sans&quot;; font-size: 11pt;\">&#8211; <\/span>\n                      <a href=\"https:\/\/www.instagram.com\/chamigrowlr\" style=\"font-weight: 400; color: rgb(0, 101, 128); font-family: &quot;Open Sans&quot;; font-size: 11pt;\"\n                        class=\"customize-unpreviewable\" draggable=\"false\">Instagram (Click aqu\u00ed)&nbsp;<\/a>\n                    <\/p>\n                    <p><span style=\"font-weight: 400; color: rgb(0, 0, 0); font-family: &quot;Open Sans&quot;; font-size: 11pt;\">&#8211; <\/span>\n                      <a href=\"https:\/\/api.whatsapp.com\/send?phone=%2B5493826400936&amp;text=undefined&amp;app_absent=0\" style=\"font-weight: 400; color: rgb(0, 101, 128); font-family: &quot;Open Sans&quot;; font-size: 11pt;\"\n                        class=\"customize-unpreviewable\" draggable=\"false\">Whatsapp (Click aqu\u00ed)<\/a>\n                    <\/p>\n                    <p><span style=\"font-weight: 400; color: rgb(0, 0, 0); font-family: &quot;Open Sans&quot;; font-size: 11pt;\">&#8211;<\/span>\n                      <a href=\"https:\/\/www.facebook.com\/search\/top?q=chamigrowlr\" style=\"font-weight: 400; color: rgb(0, 101, 128); font-family: &quot;Open Sans&quot;; font-size: 11pt;\"\n                        class=\"customize-unpreviewable\" draggable=\"false\"> Facebook (Click aqu\u00ed)<\/a>\n                    <\/p>\n                    <p>\n                      <br>\n                    <\/p>\n                    <p><span style=\"font-weight: 400; color: rgb(38, 38, 38); font-family: &quot;Open Sans&quot;; font-size: 30pt;\">Chepes (La Rioja)<\/span><\/p>\n                    <p>\n                      <br>\n                    <\/p>\n                    <p><span style=\"font-weight: 400; color: rgb(38, 38, 38); font-family: &quot;Open Sans&quot;; font-size: 15pt;\">Vida Jardiner\u00eda Consciente<\/span><\/p>\n                    <p>\n                      <a href=\"https:\/\/api.whatsapp.com\/send?phone=543821450204\" style=\"font-weight: 400; color: rgb(0, 101, 128); font-family: &quot;Open Sans&quot;; font-size: 11pt;\" class=\"customize-unpreviewable\" draggable=\"false\">&#8211; Whatasapp (Click aqu\u00ed)<\/a>\n                    <\/p>\n                    <p>\n                      <a href=\"https:\/\/www.instagram.com\/vida.jardineria\" style=\"font-weight: 400; color: rgb(0, 101, 128); font-family: &quot;Open Sans&quot;; font-size: 11pt;\" class=\"customize-unpreviewable\" draggable=\"false\">&#8211; Instagram (Click aqu\u00ed)<\/a>\n                    <\/p>\n                    <p>\n                      <a href=\"https:\/\/www.facebook.com\/vida.jardineriaconsciente\" style=\"font-weight: 400; color: rgb(0, 101, 128); font-family: &quot;Open Sans&quot;; font-size: 11pt;\" class=\"customize-unpreviewable\" draggable=\"false\">&#8211; Facebook (Click aqu\u00ed)<\/a>\n                    <\/p>\n                    <p>\n                      <br>\n                    <\/p>\n                    <p><span style=\"font-size: 30pt; font-family: &quot;Open Sans&quot;; color: rgb(38, 38, 38); font-weight: 400;\">C\u00f3rdoba<\/span><\/p>\n                    <p>\n                      <br>\n                    <\/p>\n                    <p><span style=\"font-size: 15pt; font-family: &quot;Open Sans&quot;; color: rgb(38, 38, 38); font-weight: 400;\">Fuerza Natural<\/span><\/p>\n                    <p><span style=\"font-size: 11pt; font-family: &quot;Open Sans&quot;; color: rgb(38, 38, 38); font-weight: 400;\">&#8211; <\/span>\n                      <a href=\"https:\/\/www.instagram.com\/fuerzanaturalcba\" style=\"font-size: 11pt; font-family: &quot;Open Sans&quot;; color: rgb(0, 101, 128); font-weight: 400;\"\n                        class=\"customize-unpreviewable\" draggable=\"false\">Instagram (Click aqu\u00ed)<\/a>\n                    <\/p>\n                    <p><span style=\"font-size: 11pt; font-family: &quot;Open Sans&quot;; color: rgb(38, 38, 38); font-weight: 400;\">&#8211; Celular: 3514085258<\/span><span style=\"font-size: 11pt; font-family: &quot;Open Sans&quot;; color: rgb(0, 0, 0); font-weight: 400;\">&nbsp;<\/span><\/p>\n                    <p><span style=\"font-size: 11pt; font-family: &quot;Open Sans&quot;; color: rgb(0, 0, 0); font-weight: 400;\">&#8211; Mail: <\/span><span style=\"font-size: 11pt; font-family: &quot;Open Sans&quot;; color: rgb(38, 38, 38); font-weight: 400;\">diegocba35@gmail.com<\/span>\n                      <span\n                        style=\"font-size: 11pt; font-family: &quot;Open Sans&quot;; color: rgb(0, 0, 0); font-weight: 400;\">&nbsp;<\/span>\n                    <\/p>\n                    <p>\n                      <br>\n                    <\/p>\n                    <p><span style=\"font-size: 15pt; font-family: &quot;Open Sans&quot;; color: rgb(0, 0, 0); font-weight: 400;\">El Club del Esqueje&nbsp;<\/span><\/p>\n                    <p><span style=\"font-size: 11pt; font-family: &quot;Open Sans&quot;; color: rgb(0, 0, 0); font-weight: 400;\">Distribuidores mayoristas y minoristas<\/span><\/p>\n                    <p><span style=\"font-size: 11pt; font-family: &quot;Open Sans&quot;; color: rgb(0, 0, 0); font-weight: 400;\">&#8211; I<\/span>\n                      <a href=\"https:\/\/www.instagram.com\/elclubdelesquejeok\" style=\"font-size: 11pt; font-family: &quot;Open Sans&quot;; color: rgb(0, 101, 128); font-weight: 400;\"\n                        class=\"customize-unpreviewable\" draggable=\"false\">nstagram (Click aqu\u00ed)<\/a>\n                    <\/p>\n                    <p><span style=\"font-size: 11pt; font-family: &quot;Open Sans&quot;; color: rgb(0, 0, 0); font-weight: 400;\">&#8211; Celular: 351687928<\/span><\/p>\n                    <p><span style=\"font-size: 11pt; font-family: &quot;Open Sans&quot;; color: rgb(0, 0, 0); font-weight: 400;\">&#8211; <\/span>\n                      <a href=\"mailto:elclubdelesqueje@gmail.com\" style=\"font-size: 11pt; font-family: &quot;Open Sans&quot;; color: rgb(0, 101, 128); font-weight: 400;\"\n                        draggable=\"false\">elclubdelesqueje@gmail.com<\/a>\n                    <\/p>\n                    <p>\n                      <br>\n                    <\/p>\n                    <p><span style=\"font-weight: 400; color: rgb(33, 33, 33); font-family: &quot;Open Sans&quot;; font-size: 30pt;\">San Luis<\/span><\/p>\n                    <p>\n                      <br>\n                    <\/p>\n                    <p><span style=\"font-weight: 400; color: rgb(33, 33, 33); font-family: &quot;Open Sans&quot;; font-size: 15pt;\">Rasta Paz Grow Shop<\/span><\/p>\n                    <p>\n                      <a href=\"https:\/\/www.instagram.com\/rastapaz_growshop\" style=\"font-weight: 400; color: rgb(0, 101, 128); font-family: &quot;Open Sans&quot;; font-size: 11pt;\" class=\"customize-unpreviewable\" draggable=\"false\">&#8211;&nbsp; Instagram (Click aqu\u00ed)<\/a>\n                    <\/p>\n                    <p><span style=\"font-weight: 400; color: rgb(33, 33, 33); font-family: &quot;Open Sans&quot;; font-size: 11pt;\">&#8211; Whatsapp: <\/span><span style=\"font-weight: 400; color: rgb(38, 38, 38); font-family: &quot;Open Sans&quot;; font-size: 12pt;\">2664897386<\/span>\n                      <span\n                        style=\"font-weight: 400; color: rgb(0, 0, 0); font-family: &quot;Open Sans&quot;; font-size: 11pt;\">&nbsp;<\/span>\n                    <\/p>\n                    <p><span style=\"font-weight: 400; color: rgb(0, 0, 0); font-family: &quot;Open Sans&quot;; font-size: 11pt;\">&#8211; Mail: rastapazgrowshop@gmail.com<\/span><\/p>\n                    <p>\n                      <br>\n                    <\/p>\n                  <\/div>\n                <\/div>\n              <\/div>\n            <\/div>\n          <\/div>\n        <\/div>\n      <\/div>\n    <\/div>\n  <\/div>\n<\/div>","protected":false},"excerpt":{"rendered":"<p>Buenos Aires Distribuidora GSG (Grow Sweet Grow) &#8211;&nbsp;Instagram (Click aqu\u00ed) &#8211; Whatsapp (Click Aqu\u00ed) https:\/\/www.gsg.com.ar\/ ArteSano Grow &#8211; Instagram @artesano.grow &#8211; Av. Alvarez Jonte 5169 La Rioja (Capital) Chamigrow &#8211; Instagram (Click aqu\u00ed)&nbsp; &#8211; Whatsapp (Click aqu\u00ed) &#8211; Facebook (Click aqu\u00ed) Chepes (La Rioja) Vida Jardiner\u00eda Consciente &#8211; Whatasapp (Click aqu\u00ed) &#8211; Instagram (Click aqu\u00ed) [&hellip;]<\/p>\n","protected":false},"author":2,"featured_media":0,"parent":0,"menu_order":0,"comment_status":"closed","ping_status":"closed","template":"page-templates\/full-width-page.php","meta":{"footnotes":""},"_links":{"self":[{"href":"https:\/\/bioinsumoslivingsoil.com\/index.php?rest_route=\/wp\/v2\/pages\/258"}],"collection":[{"href":"https:\/\/bioinsumoslivingsoil.com\/index.php?rest_route=\/wp\/v2\/pages"}],"about":[{"href":"https:\/\/bioinsumoslivingsoil.com\/index.php?rest_route=\/wp\/v2\/types\/page"}],"author":[{"embeddable":true,"href":"https:\/\/bioinsumoslivingsoil.com\/index.php?rest_route=\/wp\/v2\/users\/2"}],"replies":[{"embeddable":true,"href":"https:\/\/bioinsumoslivingsoil.com\/index.php?rest_route=%2Fwp%2Fv2%2Fcomments&post=258"}],"version-history":[{"count":6,"href":"https:\/\/bioinsumoslivingsoil.com\/index.php?rest_route=\/wp\/v2\/pages\/258\/revisions"}],"predecessor-version":[{"id":518,"href":"https:\/\/bioinsumoslivingsoil.com\/index.php?rest_route=\/wp\/v2\/pages\/258\/revisions\/518"}],"wp:attachment":[{"href":"https:\/\/bioinsumoslivingsoil.com\/index.php?rest_route=%2Fwp%2Fv2%2Fmedia&parent=258"}],"curies":[{"name":"wp","href":"https:\/\/api.w.org\/{rel}","templated":true}]}}