{"id":2,"date":"2023-04-04T15:57:00","date_gmt":"2023-04-04T18:57:00","guid":{"rendered":"http:\/\/bioinsumoslivingsoil.com\/?page_id=2"},"modified":"2023-04-13T17:22:28","modified_gmt":"2023-04-13T20:22:28","slug":"pagina-ejemplo","status":"publish","type":"page","link":"https:\/\/bioinsumoslivingsoil.com\/?page_id=2","title":{"rendered":"Quienes Somos"},"content":{"rendered":"<div data-colibri-id=\"2-c1\" class=\"style-336 style-local-2-c1 position-relative\">\n  <!---->\n  <div data-colibri-component=\"section\" data-colibri-id=\"2-c2\" id=\"initial-content\" class=\"h-section h-section-global-spacing d-flex align-items-lg-center align-items-md-center align-items-center style-337 style-local-2-c2 position-relative\">\n    <!---->\n    <!---->\n    <div class=\"h-separator\" style=\"height: 100px; bottom: calc(0px);\">\n      <svg style=\"fill:#00bf87;transform:rotateX(180deg);\" xmlns=\"http:\/\/www.w3.org\/2000\/svg\" viewBox=\"0 0 1000 100\" preserveAspectRatio=\"none\">\n        <g opacity=\"0.33\">\n          <path d=\"M385.42,52.92c-11.63,4.22-23.18,9-34.52,14.38-103.18,49-91.83-33.55-148.36-.49,50.13,17.35,121.87,64.84,270.46.49,11-4.7,64.52-25.43,118-41.8-4-.52-8.45-.95-13.41-1.28C507.83,41.64,455.4,71.84,385.42,52.92Z\" transform=\"translate(0 0)\" style=\"isolation:isolate\"><\/path>\n          <path d=\"M0,59.7S48.08,103,116.06,83.43C54.25,76.6,0,39.8,0,39.8Z\" transform=\"translate(0 0)\" style=\"isolation:isolate\"><\/path>\n          <path d=\"M916.4,48.1c-55.76,5.45-76.83,2-111.28-7.81-3.09,1.4-6.07,2.81-9,4.22,13.93,8.57,25.54,16.74,33.15,22.39,13,9.8,43,25.4,75.8,22.1S1000,59.7,1000,59.7V36.5s-6.87-4.5-21.48-9.06C966,36.56,946.56,45.15,916.4,48.1Z\" transform=\"translate(0 0)\" style=\"isolation:isolate\"><\/path>\n        <\/g>\n        <g opacity=\"0.66\">\n          <path d=\"M771.65,30.49,766.1,28.9c-55-15.81-99.84-18-138.66-13.76a368.79,368.79,0,0,0-49.81,9.08c5,.33,9.44.76,13.41,1.28a89.13,89.13,0,0,1,13.86,2.7C656.8,44.1,688.5,67.3,734,67.3c19.82,0,38-11.12,62.15-22.79,2.9-1.41,5.88-2.82,9-4.22C795.39,37.52,784.59,34.23,771.65,30.49Z\"\n            transform=\"translate(0 0)\"><\/path>\n          <path d=\"M371,48.4C242,1.8,242,5.4,184.8,20.6,128,35.8,132.3,44.9,89.9,52.5,28.6,63.7,0,0,0,0V39.8S54.25,76.6,116.06,83.43c28.46,3.15,58.53-.05,85.64-16.13l.84-.49c56.53-33.06,45.18,49.44,148.36.49,11.34-5.38,22.89-10.16,34.52-14.38Q378.34,51,371,48.4Z\"\n            transform=\"translate(0 0)\"><\/path>\n          <path d=\"M978.52,27.44C993.13,32,1000,36.5,1000,36.5V0S996.54,14.27,978.52,27.44Z\" transform=\"translate(0 0)\"><\/path>\n        <\/g>\n        <path d=\"M0,0S28.6,63.7,89.9,52.5c42.4-7.6,38.1-16.7,94.9-31.9C242,5.4,242,1.8,371,48.4q7.33,2.61,14.42,4.52c70,18.92,122.41-11.28,192.21-28.7a368.79,368.79,0,0,1,49.81-9.08c38.82-4.21,83.68-2.05,138.66,13.76l5.55,1.59c12.94,3.74,23.74,7,33.47,9.8,34.45,9.83,55.52,13.26,111.28,7.81,30.16-3,49.63-11.54,62.12-20.66C996.54,14.27,1000,0,1000,0Z\"\n          transform=\"translate(0 0)\"><\/path>\n      <\/svg>\n    <\/div>\n    <div class=\"h-section-grid-container h-section-boxed-container\">\n      <!---->\n      <div data-colibri-id=\"2-c3\" class=\"h-row-container gutters-row-lg-2 gutters-row-md-2 gutters-row-0 gutters-row-v-lg-2 gutters-row-v-md-2 gutters-row-v-2 style-338 style-local-2-c3 position-relative\">\n        <!---->\n        <div class=\"h-row justify-content-lg-center justify-content-md-center justify-content-center align-items-lg-center align-items-md-center align-items-center gutters-col-lg-2 gutters-col-md-2 gutters-col-0 gutters-col-v-lg-2 gutters-col-v-md-2 gutters-col-v-2\">\n          <!---->\n          <div class=\"h-column h-column-container d-flex h-col-lg-12 h-col-md-12 h-col-12 align-self-lg-center align-self-md-center align-self-center style-339-outer style-local-2-c4-outer\">\n            <div data-colibri-id=\"2-c4\" class=\"d-flex h-flex-basis h-column__inner h-px-lg-2 h-px-md-2 h-px-2 v-inner-lg-2 v-inner-md-2 v-inner-2 style-339 style-local-2-c4 position-relative\">\n              <!---->\n              <!---->\n              <div class=\"w-100 h-y-container h-column__content h-column__v-align flex-basis-100 align-self-lg-start align-self-md-start align-self-start\">\n                <!---->\n                <div data-colibri-id=\"2-c5\" class=\"style-340 style-local-2-c5 position-relative h-element\">\n                  <!---->\n                  <div>\n                    \n                    <p>Bioinsumos Living Soil esta formado por un equipo interdisciplinario de trabajo integrado por especialistas en distintas \u00e1reas de la jardiner\u00eda y agricultura enfocados principalmente en el cuidado del medio ambiente.<\/p>\n                    \n\n                    \n                    <p>Nuestros productos est\u00e1n destinados a peque\u00f1os y medianos productores pero tambi\u00e9n contamos con un servicio de asesoramiento para grandes productores de mayor escala.<\/p>\n                    \n\n                    \n                    <p>Los bioinsumos son elaborados y envasados en nuestra Biofabrica, donde tambi\u00e9n estamos asociados con distintos productores locales de bioinsumos de la zona del cuyo. Trabajando en conjunto a trav\u00e9s de Bioinsumos Living Soil.<\/p>\n                    \n\n                    \n                    <p>Los cultivos de producci\u00f3n vegetal destinados a alimentos como las hortalizas, frutales y\/o de plantas destinadas a medicina en general requieren serios est\u00e1ndares de calidad con el objetivo de que el resultado final no presente metales\n                      pesados, sales minerales toxicas, ni pesticidas sist\u00e9micos acumulativos entre otros. Los cuales no solo da\u00f1an la salud de los seres vivos que lo consumen sino tambi\u00e9n al medio ambiente.<\/p>\n                    \n\n                    \n                    <p>El nombre Living Soil hace referencia al objetivo primordial del proyecto, el cual consiste en lograr un \u201cSuelo Vivo\u201d completo de microorganismos ben\u00e9ficos para las plantas que interact\u00faan entre s\u00ed logrando una \u00f3ptima simbiosis y el\n                      equilibrio de la red tr\u00f3fica del suelo.<\/p>\n                    \n\n                    \n                    <p>Somos de las pocas marcas del mercado en donde todos y el 100% de sus productos son aptos para la agricultura Agroecol\u00f3gica y Biodin\u00e1mica. Con la l\u00ednea Bioinsumos Living Soil no necesitas realizar lavado de ra\u00edces antes de cosechar,\n                      ya que podes utilizar sus productos incluso hasta en la \u00faltima etapa sin correr ning\u00fan tipo de riesgo. Adem\u00e1s podes reutilizar los sustratos ya que al final de la cosecha no presentan sales acumuladas de manera perjudicial para las\n                      ra\u00edces. Algunos de nuestros productos son completamente compatibles con la producci\u00f3n Hidrop\u00f3nica, reduciendo el uso de sales en las mismas.&nbsp;<\/p>\n                    \n\n                    \n                    <p>Bioinsumos 100% org\u00e1nicos destinados a la producci\u00f3n vegetal de alimentos como as\u00ed tambi\u00e9n medicinal. Bioinsumos Living Soil es una filosof\u00eda de vida en donde priorizamos cuidar tanto la salud de las personas como as\u00ed tambi\u00e9n el medio\n                      ambiente. Bioinsumos Living Soil es el mejor aliado de toda huerta y jard\u00edn org\u00e1nico-ecol\u00f3gico destinado a la producci\u00f3n de alimentos como as\u00ed tambi\u00e9n de plantas medicinales. Ya sea en cultivos de Exterior al aire libre, Invernaderos\n                      y\/o Indoor.<\/p>\n                    \n\n                    \n                    <p>Todo ello garantizando una producci\u00f3n de certificaci\u00f3n org\u00e1nica.<\/p>\n                    \n                  <\/div>\n                <\/div>\n              <\/div>\n            <\/div>\n          <\/div>\n        <\/div>\n      <\/div>\n    <\/div>\n  <\/div>\n<\/div>","protected":false},"excerpt":{"rendered":"<p>Bioinsumos Living Soil esta formado por un equipo interdisciplinario de trabajo integrado por especialistas en distintas \u00e1reas de la jardiner\u00eda y agricultura enfocados principalmente en el cuidado del medio ambiente. Nuestros productos est\u00e1n destinados a peque\u00f1os y medianos productores pero tambi\u00e9n contamos con un servicio de asesoramiento para grandes productores de mayor escala. Los bioinsumos [&hellip;]<\/p>\n","protected":false},"author":2,"featured_media":0,"parent":0,"menu_order":0,"comment_status":"closed","ping_status":"open","template":"page-templates\/homepage.php","meta":{"footnotes":""},"_links":{"self":[{"href":"https:\/\/bioinsumoslivingsoil.com\/index.php?rest_route=\/wp\/v2\/pages\/2"}],"collection":[{"href":"https:\/\/bioinsumoslivingsoil.com\/index.php?rest_route=\/wp\/v2\/pages"}],"about":[{"href":"https:\/\/bioinsumoslivingsoil.com\/index.php?rest_route=\/wp\/v2\/types\/page"}],"author":[{"embeddable":true,"href":"https:\/\/bioinsumoslivingsoil.com\/index.php?rest_route=\/wp\/v2\/users\/2"}],"replies":[{"embeddable":true,"href":"https:\/\/bioinsumoslivingsoil.com\/index.php?rest_route=%2Fwp%2Fv2%2Fcomments&post=2"}],"version-history":[{"count":4,"href":"https:\/\/bioinsumoslivingsoil.com\/index.php?rest_route=\/wp\/v2\/pages\/2\/revisions"}],"predecessor-version":[{"id":249,"href":"https:\/\/bioinsumoslivingsoil.com\/index.php?rest_route=\/wp\/v2\/pages\/2\/revisions\/249"}],"wp:attachment":[{"href":"https:\/\/bioinsumoslivingsoil.com\/index.php?rest_route=%2Fwp%2Fv2%2Fmedia&parent=2"}],"curies":[{"name":"wp","href":"https:\/\/api.w.org\/{rel}","templated":true}]}}