{"id":1034,"date":"2024-06-18T17:03:27","date_gmt":"2024-06-18T20:03:27","guid":{"rendered":"https:\/\/bioinsumoslivingsoil.com\/?page_id=1034"},"modified":"2024-06-18T17:20:52","modified_gmt":"2024-06-18T20:20:52","slug":"biokashi","status":"publish","type":"page","link":"https:\/\/bioinsumoslivingsoil.com\/?page_id=1034","title":{"rendered":"Biokashi"},"content":{"rendered":"<div data-colibri-id=\"454-c1\" class=\"style-794 style-local-454-c1 position-relative\">\n  <!----><\/p>\n<div data-colibri-component=\"section\" data-colibri-id=\"454-c2\" id=\"initial-content\" class=\"h-section h-section-global-spacing d-flex align-items-lg-center align-items-md-center align-items-center style-795 style-local-454-c2 position-relative\">\n    <!----><br \/>\n    <!----><\/p>\n<div class=\"h-section-grid-container h-section-boxed-container\">\n      <!----><\/p>\n<div data-colibri-id=\"454-c3\" class=\"h-row-container gutters-row-lg-2 gutters-row-md-2 gutters-row-0 gutters-row-v-lg-2 gutters-row-v-md-2 gutters-row-v-2 style-796 style-local-454-c3 position-relative\">\n        <!----><\/p>\n<div class=\"h-row justify-content-lg-center justify-content-md-center justify-content-center align-items-lg-stretch align-items-md-stretch align-items-stretch gutters-col-lg-2 gutters-col-md-2 gutters-col-0 gutters-col-v-lg-2 gutters-col-v-md-2 gutters-col-v-2\">\n          <!----><\/p>\n<div class=\"h-column h-column-container d-flex h-col-lg-auto h-col-md-auto h-col-auto style-797-outer style-local-454-c4-outer\">\n<div data-colibri-id=\"454-c4\" class=\"d-flex h-flex-basis h-column__inner h-px-lg-2 h-px-md-2 h-px-2 v-inner-lg-2 v-inner-md-2 v-inner-2 style-797 style-local-454-c4 position-relative\">\n              <!----><br \/>\n              <!----><\/p>\n<div class=\"w-100 h-y-container h-column__content h-column__v-align flex-basis-100 align-self-lg-start align-self-md-start align-self-start\">\n                <!----><\/p>\n<div data-colibri-id=\"454-c5\" class=\"style-798 style-local-454-c5 position-relative h-element\">\n                  <!----><\/p>\n<div>\n\n\n<div class=\"wp-block-media-text alignwide is-stacked-on-mobile\" style=\"grid-template-columns:40% auto\"><figure class=\"wp-block-media-text__media\"><img loading=\"lazy\" decoding=\"async\" width=\"1000\" height=\"700\" src=\"https:\/\/bioinsumoslivingsoil.com\/wp-content\/uploads\/2024\/06\/biokashi-para-pagina.png\" alt=\"\" class=\"wp-image-1029 size-full\" srcset=\"https:\/\/bioinsumoslivingsoil.com\/wp-content\/uploads\/2024\/06\/biokashi-para-pagina.png 1000w, https:\/\/bioinsumoslivingsoil.com\/wp-content\/uploads\/2024\/06\/biokashi-para-pagina-300x210.png 300w, https:\/\/bioinsumoslivingsoil.com\/wp-content\/uploads\/2024\/06\/biokashi-para-pagina-768x538.png 768w, https:\/\/bioinsumoslivingsoil.com\/wp-content\/uploads\/2024\/06\/biokashi-para-pagina-600x420.png 600w\" sizes=\"(max-width: 1000px) 100vw, 1000px\" \/><\/figure><div class=\"wp-block-media-text__content\">\n<p class=\"has-text-align-left\">-Producto 100% Org\u00e1nico: Base de Trigo agroecol\u00f3gico enriquecido con nuestro Bokashi, enmendado con Harinas de Roca e Inoculado con Microorganismos Eficientes Nativos (M.E.N.).<br>-Aporta principalmente Microorganismos ben\u00e9ficos y minerales naturales (Microelementos).<\/p>\n\n\n\n<p class=\"has-text-align-left\">-Contiene un consorcio completo de microorganismos que interact\u00faan de manera ben\u00e9fica en tus cultivos. Entre ellos encontramos principalmente Hongos, Bacterias y Levaduras.<br>Los Hongos en su mayor\u00eda interact\u00faan principalmente con las ra\u00edces produciendo una simbiosis con las mismas para protegerlas y facilitar la asimilaci\u00f3n de nutrientes. Por otro lado los microorganismos descomponedores se encargan de transformar la materia org\u00e1nica (Quelaci\u00f3n), ofreciendo la misma de manera asimilable para las plantas. Logrando as\u00ed un equilibrio en la red tr\u00f3fica del suelo que permite el control diferentes organismos pat\u00f3genos como el hongo Fusarium entre otros.<\/p>\n<\/div><\/div>\n\n\n\n<p class=\"has-text-align-left\">&#8211; Aplicaci\u00f3n: En cultivos se puede mezclar en el sustrato a preparar en una concentraci\u00f3n del 1% a 3% dependiendo de el tipo de sustrato a utilizar y el tipo de cultivo a realizar. Tambi\u00e9n se puede aplicar en la superficie (A la vuelta del tallo principalmente) como Top Dress realizando una fina capa en el suelo\/sustrato cada 15\/20 d\u00edas, posteriormente cubrir con Mulch.<br>Tambi\u00e9n se puede realizar una activaci\u00f3n liquida ya sea solo o combinado con otras enmiendas como el Bokashi. Agregando una cuchara de Biokashi mas 2 a 4 cc de Sugar Living Soil por cada (1) litro de biopreparado. Con el objetivo de aplicar el producto no solo en la enmienda sino tambi\u00e9n v\u00eda fertirriego y\/o foliar.<br>En producci\u00f3n de enmiendas org\u00e1nicas acelera el proceso de descomposici\u00f3n de la materia org\u00e1nica disminuyendo el tiempo de trabajo. Siendo ideal en la producci\u00f3n de Compost, Lombricompost, Bokashi, etc.<br>&#8211; Mantener la enmienda con humedad, con el envase cerrado y evitar exponer a la luz directa.<br>www.bioinsumoslivingsoil.com MfD<br>1L<\/p>\n\n\n<\/div>\n<\/div>\n<div data-colibri-id=\"454-c6\" class=\"h-x-container style-799 style-local-454-c6 position-relative h-element\">\n                  <!----><\/p>\n<div class=\"h-x-container-inner style-dynamic-454-c6-group style-799-spacing style-local-454-c6-spacing\"><span class=\"h-button__outer style-800-outer style-local-454-c7-outer d-inline-flex h-element\"><a h-use-smooth-scroll=\"true\" href=\"https:\/\/bioinsumoslivingsoil.com\/?post_type=product\"  data-colibri-id=\"454-c7\" class=\"d-flex w-100 align-items-center h-button justify-content-lg-center justify-content-md-center justify-content-center style-800 style-local-454-c7 position-relative\"><!----><!----> <span>Ver en la tienda<\/span><\/a><br \/>\n                    <\/span>\n                  <\/div>\n<\/p>\n<\/div>\n<\/div>\n<\/div>\n<\/div>\n<\/div>\n<\/div>\n<\/div>\n<\/div>\n<\/div>","protected":false},"excerpt":{"rendered":"<p>-Producto 100% Org\u00e1nico: Base de Trigo agroecol\u00f3gico enriquecido con nuestro Bokashi, enmendado con Harinas de Roca e Inoculado con Microorganismos Eficientes Nativos (M.E.N.).-Aporta principalmente Microorganismos ben\u00e9ficos y minerales naturales (Microelementos). -Contiene un consorcio completo de microorganismos que interact\u00faan de manera ben\u00e9fica en tus cultivos. Entre ellos encontramos principalmente Hongos, Bacterias y Levaduras.Los Hongos en su [&hellip;]<\/p>\n","protected":false},"author":2,"featured_media":1029,"parent":0,"menu_order":0,"comment_status":"closed","ping_status":"closed","template":"page-templates\/full-width-page.php","meta":{"footnotes":""},"_links":{"self":[{"href":"https:\/\/bioinsumoslivingsoil.com\/index.php?rest_route=\/wp\/v2\/pages\/1034"}],"collection":[{"href":"https:\/\/bioinsumoslivingsoil.com\/index.php?rest_route=\/wp\/v2\/pages"}],"about":[{"href":"https:\/\/bioinsumoslivingsoil.com\/index.php?rest_route=\/wp\/v2\/types\/page"}],"author":[{"embeddable":true,"href":"https:\/\/bioinsumoslivingsoil.com\/index.php?rest_route=\/wp\/v2\/users\/2"}],"replies":[{"embeddable":true,"href":"https:\/\/bioinsumoslivingsoil.com\/index.php?rest_route=%2Fwp%2Fv2%2Fcomments&post=1034"}],"version-history":[{"count":5,"href":"https:\/\/bioinsumoslivingsoil.com\/index.php?rest_route=\/wp\/v2\/pages\/1034\/revisions"}],"predecessor-version":[{"id":1044,"href":"https:\/\/bioinsumoslivingsoil.com\/index.php?rest_route=\/wp\/v2\/pages\/1034\/revisions\/1044"}],"wp:featuredmedia":[{"embeddable":true,"href":"https:\/\/bioinsumoslivingsoil.com\/index.php?rest_route=\/wp\/v2\/media\/1029"}],"wp:attachment":[{"href":"https:\/\/bioinsumoslivingsoil.com\/index.php?rest_route=%2Fwp%2Fv2%2Fmedia&parent=1034"}],"curies":[{"name":"wp","href":"https:\/\/api.w.org\/{rel}","templated":true}]}}